{"id":3905,"date":"2020-09-02T13:45:12","date_gmt":"2020-09-02T13:45:12","guid":{"rendered":"https:\/\/horokitchens.com\/sostenibilita\/"},"modified":"2023-12-22T08:12:35","modified_gmt":"2023-12-22T08:12:35","slug":"trajnost","status":"publish","type":"page","link":"https:\/\/horokitchens.com\/sl\/trajnost\/","title":{"rendered":"TRAJNOST"},"content":{"rendered":"\n<div class=\"wp-block-group alignfull container-fluid mx-0 px-0 sostenibilita-container\"><div class=\"wp-block-group__inner-container is-layout-flow wp-block-group-is-layout-flow\">\n<div class=\"wp-block-group alignwide container py-5\"><div class=\"wp-block-group__inner-container is-layout-flow wp-block-group-is-layout-flow\">\n<h1 class=\"wp-block-heading\">TRAJNOST<\/h1>\n\n\n\n<div class=\"wp-block-columns is-layout-flex wp-container-core-columns-is-layout-9d6595d7 wp-block-columns-is-layout-flex\">\n<div class=\"wp-block-column is-layout-flow wp-block-column-is-layout-flow\">\n<p class=\"text-justify mt-5\">Koncepti, kot sta <strong>trajnost<\/strong> in <strong>energetska u\u010dinkovitost<\/strong>, so vse bolj pogosti v poslovnih kontekstih gostinstva.<\/p>\n\n\n\n<p class=\"text-justify mt-5\">Strategija podjetja ne sme zanemariti izvajanja ukrepov za izbolj\u0161anje <strong>varstva okolja<\/strong>.<\/p>\n\n\n\n<p class=\"text-justify mt-5\">\u010ce \u017eelijo podjetja ostati konkuren\u010dna na trgu in \u0161e naprej rasti, morajo sprejeti izziv trajnosti.\u00a0<br>Samo tista podjetja, ki se znajo prilagoditi nenehnim spremembam, lahko predvidijo pri\u010dakovanja svojih strank in se uveljavijo kot vodilna v svoji panogi.<\/p>\n\n\n\n<p class=\"text-justify mt-5\">V zadnjih letih so investicije v projekte, povezane z u\u010dinkovitostjo in varstvom okolja, eksponentno rasle. Podjetja lahko izvajajo \u0161tevilne ukrepe za varstvo okolja: <\/p>\n\n\n\n<ul class=\"wp-block-list\">\n<li><em>vlagajo v <\/em><strong><em>inovativne projekte<\/em><\/strong><em> na podro\u010dju energetske u\u010dinkovitosti,<\/em>&nbsp;<\/li>\n\n\n\n<li><em>uporabljajo <\/em><strong><em>obnovljive vire<\/em><\/strong><em> in oblikujejo izdelke z <\/em><strong><em>majhnim vplivom na okolje<\/em><\/strong><em>,<\/em>&nbsp;<\/li>\n\n\n\n<li><em>name\u0161\u010dajo <\/em><strong><em>pametne kuhinjske sisteme<\/em><\/strong><em> in <\/em><strong><em>fotovoltai\u010dne sisteme<\/em><\/strong><em>,<\/em>&nbsp;<\/li>\n\n\n\n<li><em>uporabljajo <\/em><strong><em>visokozmogljive motorje<\/em><\/strong><em>,<\/em>&nbsp;<\/li>\n\n\n\n<li><em>uporabljajo <\/em><strong><em>nove generacije inverterskih hladilnih sistemov<\/em><\/strong><em>.<\/em>&nbsp;<\/li>\n<\/ul>\n\n\n\n<p class=\"text-justify mt-5\">Podjetje HORO izvaja trajnostni poslovni model, ki upo\u0161teva potrebe vlagateljev, a hkrati ne ogro\u017ea zadovoljevanja potreb prihodnjih generacij.<\/p>\n\n\n\n<p class=\"text-justify mt-5\">Za spodbujanje trajnostne proizvodnje so podjetjem na voljo <strong>\u0161tevilne spodbude<\/strong>. Ta oblika financiranja je namenjena spodbujanju eti\u010dnega ravnanja; to je odli\u010dna prilo\u017enost, s katero je mogo\u010de <strong>dose\u010di velike prihranke<\/strong> pri stro\u0161kih namestitve, monta\u017ee in vzdr\u017eevanja sistemov.<\/p>\n\n\n\n<p class=\"text-justify mt-5\">HORO je bil vedno na strani podjetij, ki so sprejela izziv trajnosti, in svoje <strong>znanje ter izku\u0161nje<\/strong> usmerja v iskanje inovativnih re\u0161itev, ki izpolnjujejo potrebe strank.<\/p>\n<\/div>\n\n\n\n<div class=\"wp-block-column is-layout-flow wp-block-column-is-layout-flow\"><\/div>\n<\/div>\n<\/div><\/div>\n<\/div><\/div>\n","protected":false},"excerpt":{"rendered":"<p>TRAJNOST Koncepti, kot sta trajnost in energetska u\u010dinkovitost, so vse bolj pogosti v poslovnih kontekstih gostinstva. Strategija podjetja ne sme zanemariti izvajanja ukrepov za izbolj\u0161anje varstva okolja. \u010ce \u017eelijo podjetja ostati konkuren\u010dna na trgu in \u0161e naprej rasti, morajo sprejeti izziv trajnosti.\u00a0Samo tista podjetja, ki se znajo prilagoditi nenehnim spremembam, lahko predvidijo pri\u010dakovanja svojih strank [&hellip;]<\/p>\n","protected":false},"author":1,"featured_media":0,"parent":0,"menu_order":0,"comment_status":"closed","ping_status":"closed","template":"","meta":{"_acf_changed":false,"footnotes":""},"class_list":["post-3905","page","type-page","status-publish","hentry"],"acf":[],"_links":{"self":[{"href":"https:\/\/horokitchens.com\/sl\/wp-json\/wp\/v2\/pages\/3905","targetHints":{"allow":["GET"]}}],"collection":[{"href":"https:\/\/horokitchens.com\/sl\/wp-json\/wp\/v2\/pages"}],"about":[{"href":"https:\/\/horokitchens.com\/sl\/wp-json\/wp\/v2\/types\/page"}],"author":[{"embeddable":true,"href":"https:\/\/horokitchens.com\/sl\/wp-json\/wp\/v2\/users\/1"}],"replies":[{"embeddable":true,"href":"https:\/\/horokitchens.com\/sl\/wp-json\/wp\/v2\/comments?post=3905"}],"version-history":[{"count":2,"href":"https:\/\/horokitchens.com\/sl\/wp-json\/wp\/v2\/pages\/3905\/revisions"}],"predecessor-version":[{"id":3909,"href":"https:\/\/horokitchens.com\/sl\/wp-json\/wp\/v2\/pages\/3905\/revisions\/3909"}],"wp:attachment":[{"href":"https:\/\/horokitchens.com\/sl\/wp-json\/wp\/v2\/media?parent=3905"}],"curies":[{"name":"wp","href":"https:\/\/api.w.org\/{rel}","templated":true}]}}