{"id":3877,"date":"2020-09-03T06:06:44","date_gmt":"2020-09-03T06:06:44","guid":{"rendered":"https:\/\/horokitchens.com\/efficienza-energetica\/"},"modified":"2023-12-22T08:13:48","modified_gmt":"2023-12-22T08:13:48","slug":"energetska-ucinkovitost","status":"publish","type":"page","link":"https:\/\/horokitchens.com\/sl\/energetska-ucinkovitost\/","title":{"rendered":"ENERGETSKA U\u010cINKOVITOST"},"content":{"rendered":"\n<div class=\"wp-block-group alignfull container-fluid power-monitor-energy-container\"><div class=\"wp-block-group__inner-container is-layout-flow wp-block-group-is-layout-flow\">\n<div class=\"wp-block-group container py-5\"><div class=\"wp-block-group__inner-container is-layout-flow wp-block-group-is-layout-flow\">\n<h1 class=\"wp-block-heading d-none\">Efficienza energetica<\/h1>\n\n\n<div class=\"wp-block-image is-resized\">\n<figure class=\"aligncenter size-large\"><img loading=\"lazy\" decoding=\"async\" width=\"500\" height=\"329\" src=\"https:\/\/horokitchens.com\/wp-content\/uploads\/2020\/09\/Logo_PM_Energy_500.png\" alt=\"\" class=\"wp-image-1843\" srcset=\"https:\/\/horokitchens.com\/wp-content\/uploads\/2020\/09\/Logo_PM_Energy_500.png 500w, https:\/\/horokitchens.com\/wp-content\/uploads\/2020\/09\/Logo_PM_Energy_500-300x197.png 300w\" sizes=\"auto, (max-width: 500px) 100vw, 500px\" \/><\/figure>\n<\/div>\n\n\n<div class=\"wp-block-columns mt-5 is-layout-flex wp-container-core-columns-is-layout-9d6595d7 wp-block-columns-is-layout-flex\">\n<div class=\"wp-block-column is-layout-flow wp-block-column-is-layout-flow\">\n<div class=\"wp-block-media-text alignwide is-vertically-aligned-center is-stacked-on-mobile\" style=\"grid-template-columns:33% auto\"><figure class=\"wp-block-media-text__media\"><img loading=\"lazy\" decoding=\"async\" width=\"300\" height=\"300\" src=\"https:\/\/horokitchens.com\/wp-content\/uploads\/2020\/09\/Power-Monitor-Energy_dispositio_300.png\" alt=\"\" class=\"wp-image-1946 size-full\" srcset=\"https:\/\/horokitchens.com\/wp-content\/uploads\/2020\/09\/Power-Monitor-Energy_dispositio_300.png 300w, https:\/\/horokitchens.com\/wp-content\/uploads\/2020\/09\/Power-Monitor-Energy_dispositio_300-150x150.png 150w\" sizes=\"auto, (max-width: 300px) 100vw, 300px\" \/><\/figure><div class=\"wp-block-media-text__content\">\n<p class=\"mt-3 mt-sm-0 text-justify has-normal-font-size\"><strong>Power Monitor<\/strong>: sistem za <strong>optimizacijo energije<\/strong> s 7-pal\u010dnim zaslonom na dotik.<\/p>\n<\/div><\/div>\n<\/div>\n\n\n\n<div class=\"wp-block-column is-layout-flow wp-block-column-is-layout-flow\"><\/div>\n<\/div>\n\n\n\n<div class=\"wp-block-columns mt-5 is-layout-flex wp-container-core-columns-is-layout-9d6595d7 wp-block-columns-is-layout-flex\">\n<div class=\"wp-block-column is-layout-flow wp-block-column-is-layout-flow\">\n<p class=\"mb-5 text-justify\">Vzroke za energetsko neu\u010dinkovitost lahko odpravimo z zmanj\u0161evanjem porabe, optimizacijo rabe energije in prepre\u010devanjem izgub, kar pa zahteva ozave\u0161\u010denost in posebne ukrepe.<\/p>\n\n\n\n<p class=\"mb-5 text-justify\">HORO je na podlagi <strong>tridesetletnih izku\u0161enj<\/strong> uspel razviti izdelek, ki je <strong>enostaven za namestitev, prilagodljiv in zanesljiv<\/strong>: <strong>Power Monitor Energy<\/strong>. Z vgradnjo tega sistema za optimizacijo energije boste omejili porabo elektri\u010dne energije svoje kuhinje in se <strong>izognili stro\u0161kom priklopa<\/strong> zaradi kakr\u0161nih koli izkopov in in\u0161talacijskih del za nadgradnjo elektri\u010dne razdelilne omare. Tehnologija <strong>Power Monitor Energy<\/strong> prispeva tudi k <strong>zmanj\u0161anju izpustov toplogrednih plinov v ozra\u010dje<\/strong> in izbolj\u0161uje energetsko u\u010dinkovitost. Sistem <strong>Power Monitor Energy<\/strong> ponuja tudi mo\u017enost storitve <strong>asistence na daljavo<\/strong>.<\/p>\n\n\n\n<p class=\"mb-5 text-justify\"><strong>Power Monitor Energy<\/strong> je poseben sistem za industrijske kuhinje, ki se lahko uporablja v restavracijah, hotelih, menzah, obratih hitre prehrane, pralnicah in centrih dobrega po\u010dutja.<\/p>\n\n\n\n<p><strong><strong>FUNKCIJE SISTEMA POWER MONITOR ENERGY:<\/strong><\/strong><\/p>\n\n\n\n<ul class=\"wp-block-list\">\n<li>Oddaljeni dostop za asistenco na daljavo.<\/li>\n\n\n\n<li>Preizkus nove namestitve z asistenco na daljavo.<\/li>\n\n\n\n<li>Spremljanje opreme.<\/li>\n\n\n\n<li>Posodobitve programske opreme in prilagajanje.<\/li>\n\n\n\n<li>Upravljanje praga mo\u010di.<\/li>\n\n\n\n<li>Upravljanje pragov z generatorskim sklopom.<\/li>\n\n\n\n<li>Upravljanje pragov za elektrarne, ki uporabljajo alternativne vire energije.<\/li>\n\n\n\n<li>Obdelava in poro\u010danje tedenske, mese\u010dne in letne porabe.<\/li>\n<\/ul>\n<\/div>\n\n\n\n<div class=\"wp-block-column is-layout-flow wp-block-column-is-layout-flow\">\n<p class=\"has-text-align-center\">Shema optimizacije energije in asistence na daljavo:<\/p>\n\n\n<div class=\"wp-block-image img-fluid\">\n<figure class=\"aligncenter size-large\"><img loading=\"lazy\" decoding=\"async\" width=\"1024\" height=\"1024\" src=\"https:\/\/horokitchens.com\/wp-content\/uploads\/2020\/10\/Schema-Power-Monitor_EN-1024x1024.png\" alt=\"\" class=\"wp-image-3894\" srcset=\"https:\/\/horokitchens.com\/wp-content\/uploads\/2020\/10\/Schema-Power-Monitor_EN-1024x1024.png 1024w, https:\/\/horokitchens.com\/wp-content\/uploads\/2020\/10\/Schema-Power-Monitor_EN-300x300.png 300w, https:\/\/horokitchens.com\/wp-content\/uploads\/2020\/10\/Schema-Power-Monitor_EN-150x150.png 150w, https:\/\/horokitchens.com\/wp-content\/uploads\/2020\/10\/Schema-Power-Monitor_EN-768x768.png 768w, https:\/\/horokitchens.com\/wp-content\/uploads\/2020\/10\/Schema-Power-Monitor_EN-1536x1536.png 1536w, https:\/\/horokitchens.com\/wp-content\/uploads\/2020\/10\/Schema-Power-Monitor_EN.png 1962w\" sizes=\"auto, (max-width: 1024px) 100vw, 1024px\" \/><\/figure>\n<\/div><\/div>\n<\/div>\n<\/div><\/div>\n<\/div><\/div>\n\n\n\n<div class=\"wp-block-group alignfull container-fluid power-monitor-air-container\"><div class=\"wp-block-group__inner-container is-layout-flow wp-block-group-is-layout-flow\">\n<div class=\"wp-block-group container py-5\"><div class=\"wp-block-group__inner-container is-layout-flow wp-block-group-is-layout-flow\"><div class=\"wp-block-image is-resized\">\n<figure class=\"aligncenter size-large\"><img loading=\"lazy\" decoding=\"async\" width=\"500\" height=\"329\" src=\"https:\/\/horokitchens.com\/wp-content\/uploads\/2020\/09\/Logo_PM_Air_500.png\" alt=\"\" class=\"wp-image-1840\" srcset=\"https:\/\/horokitchens.com\/wp-content\/uploads\/2020\/09\/Logo_PM_Air_500.png 500w, https:\/\/horokitchens.com\/wp-content\/uploads\/2020\/09\/Logo_PM_Air_500-300x197.png 300w\" sizes=\"auto, (max-width: 500px) 100vw, 500px\" \/><\/figure>\n<\/div>\n\n\n<div class=\"wp-block-columns mt-5 is-layout-flex wp-container-core-columns-is-layout-9d6595d7 wp-block-columns-is-layout-flex\">\n<div class=\"wp-block-column is-layout-flow wp-block-column-is-layout-flow\">\n<div class=\"wp-block-media-text alignwide is-vertically-aligned-center is-stacked-on-mobile\" style=\"grid-template-columns:35% auto\"><figure class=\"wp-block-media-text__media\"><img loading=\"lazy\" decoding=\"async\" width=\"300\" height=\"300\" src=\"https:\/\/horokitchens.com\/wp-content\/uploads\/2020\/09\/Power-Monitor-Air_dispositio_300.png\" alt=\"\" class=\"wp-image-1938 size-full\" srcset=\"https:\/\/horokitchens.com\/wp-content\/uploads\/2020\/09\/Power-Monitor-Air_dispositio_300.png 300w, https:\/\/horokitchens.com\/wp-content\/uploads\/2020\/09\/Power-Monitor-Air_dispositio_300-150x150.png 150w\" sizes=\"auto, (max-width: 300px) 100vw, 300px\" \/><\/figure><div class=\"wp-block-media-text__content\">\n<p class=\"mt-3 mt-sm-0 text-justify has-normal-font-size\">Power Monitor Air: sistem za optimizacijo pretoka zraka s 7-pal\u010dnim zaslonom na dotik.<\/p>\n<\/div><\/div>\n<\/div>\n\n\n\n<div class=\"wp-block-column is-layout-flow wp-block-column-is-layout-flow\"><\/div>\n<\/div>\n\n\n\n<div class=\"wp-block-columns are-vertically-aligned-top mt-5 is-layout-flex wp-container-core-columns-is-layout-9d6595d7 wp-block-columns-is-layout-flex\">\n<div class=\"wp-block-column is-vertically-aligned-top is-layout-flow wp-block-column-is-layout-flow\">\n<p class=\"mb-5 text-justify\"><strong>Sistem HVAC<\/strong> (ogrevanje, prezra\u010devanje in klimatizacija) je odgovoren za skoraj <strong>30 % celotne energije<\/strong>, ki se porabi v restavracijah, od tega lahko <strong>75 % porabe pripi\u0161emo samo napam<\/strong>. Zato se zdi o\u010ditno, da je problem \u00bbustrezne velikosti in ustrezne tehnologije\u00ab sistema v tem primeru \u0161e ve\u010dji zaradi pomembnega ekonomskega vpliva na obratovalne stro\u0161ke celotne dejavnosti.<\/p>\n\n\n\n<p class=\"mt-5 text-justify\"><a>Sistem <strong>Power Monitor Air<\/strong> omogo\u010da <strong>regulacijo izsesanega pretoka zraka<\/strong> iz vsake posamezne prezra\u010devalne nape in ga <strong>zmanj\u0161a do 60 %<\/strong>, kar predstavlja neverjeten prihranek pri porabi energije za ogrevanje in klimatizacijo dovajanega zraka. <strong>Optimizacija hitrosti ventilatorjev<\/strong> ohranja hitrost na minimalni ravni, ki je potrebna glede na uporabljeno opremo. <strong>Samodejno uravnava<\/strong> delovanje sesalnih sistemov, tako za izsesavanje kot za dovajanje zraka. Ta sistem se upravlja z <strong>intuitivnim vmesnikom<\/strong> na zaslonu na dotik.<\/a><\/p>\n\n\n\n<p class=\"mt-5 text-justify\"><strong>Modularna regulacija pretoka prezra\u010devalnega zraka<\/strong> glede na dejanske potrebe (delne ali ni\u010delne obremenitve) se danes obravnava kot <strong>nujna<\/strong>. Trend var\u010devanja z energijo je <strong>zmanj\u0161anje odvodnega<\/strong> zraka in posledi\u010dno <strong>celotnega prezra\u010devalnega zraka<\/strong>.<\/p>\n\n\n\n<p class=\"mt-5 text-justify\"><strong><strong>FUNKCIJE SISTEMA POWER MONITOR AIR:<\/strong><\/strong><\/p>\n\n\n\n<ul class=\"wp-block-list\">\n<li>Oddaljeni dostop za asistenco na daljavo.<\/li>\n\n\n\n<li>Posodobitve programske opreme in prilagajanje.<\/li>\n<\/ul>\n<\/div>\n\n\n\n<div class=\"wp-block-column is-vertically-aligned-top is-layout-flow wp-block-column-is-layout-flow\">\n<p class=\"has-text-align-center\">Shema optimizacije pretoka zraka in asistence na daljavo.<\/p>\n\n\n<div class=\"wp-block-image\">\n<figure class=\"aligncenter size-large\"><img loading=\"lazy\" decoding=\"async\" width=\"1024\" height=\"1024\" src=\"https:\/\/horokitchens.com\/wp-content\/uploads\/2020\/10\/Schema-Power-Air_EN-1024x1024.png\" alt=\"\" class=\"wp-image-3897\" srcset=\"https:\/\/horokitchens.com\/wp-content\/uploads\/2020\/10\/Schema-Power-Air_EN-1024x1024.png 1024w, https:\/\/horokitchens.com\/wp-content\/uploads\/2020\/10\/Schema-Power-Air_EN-300x300.png 300w, https:\/\/horokitchens.com\/wp-content\/uploads\/2020\/10\/Schema-Power-Air_EN-150x150.png 150w, https:\/\/horokitchens.com\/wp-content\/uploads\/2020\/10\/Schema-Power-Air_EN-768x768.png 768w, https:\/\/horokitchens.com\/wp-content\/uploads\/2020\/10\/Schema-Power-Air_EN-1536x1536.png 1536w, https:\/\/horokitchens.com\/wp-content\/uploads\/2020\/10\/Schema-Power-Air_EN.png 1962w\" sizes=\"auto, (max-width: 1024px) 100vw, 1024px\" \/><\/figure>\n<\/div><\/div>\n<\/div>\n<\/div><\/div>\n<\/div><\/div>\n\n\n\n<div class=\"wp-block-group alignfull container-fluid power-monitor-performance-container\"><div class=\"wp-block-group__inner-container is-layout-flow wp-block-group-is-layout-flow\">\n<div class=\"wp-block-group container py-5\"><div class=\"wp-block-group__inner-container is-layout-flow wp-block-group-is-layout-flow\">\n<div class=\"wp-block-columns is-layout-flex wp-container-core-columns-is-layout-9d6595d7 wp-block-columns-is-layout-flex\">\n<div class=\"wp-block-column pr-sm-5 is-layout-flow wp-block-column-is-layout-flow\">\n<figure class=\"wp-block-image size-large mb-0 pb-0\"><img loading=\"lazy\" decoding=\"async\" width=\"100\" height=\"63\" src=\"https:\/\/horokitchens.com\/wp-content\/uploads\/2020\/09\/logo-Performance_100.png\" alt=\"\" class=\"wp-image-1884\"\/><\/figure>\n\n\n\n<h2 class=\"wp-block-heading mt-0 py-0\">U\u010cINKOVITOST<\/h2>\n\n\n\n<p class=\"mt-5 text-justify\">Podjetje HORO, ki vselej s pozornostjo spremlja dogajanje na trgu, svoje vire usmerja izklju\u010dno v izdelavo monoblok kuhinj z indukcijskimi kuhalnimi plo\u0161\u010dami, za katere je zna\u010dilen velik prihranek energije in posledi\u010dno nizki obratovalni stro\u0161ki.<\/p>\n\n\n\n<p class=\"mt-5 text-justify\"><strong>Visoka storilnost<\/strong> v kuhinji, ki jo spremljajo <strong>u\u010dinkovite in inovativne tehnologije<\/strong>, edinstvene na trgu, kuharskim mojstrom omogo\u010da, da <strong>prihranijo na virih in \u010dasu kuhanja<\/strong>, <strong>pospe\u0161ijo postre\u017ebo<\/strong> in izbolj\u0161ajo <strong>donosnost svojega posla<\/strong>.<\/p>\n\n\n\n<p class=\"mt-5 text-justify\">Indukcijska tehnologija se povrne v kratkem \u010dasu in velja za visoko donosno nalo\u017ebo. V primerjavi s tradicionalnimi kuhali\u0161\u010di so na\u0161e indukcijske kuhalne plo\u0161\u010de zasnovane s tehnologijo celotnega polja \u201eTuttocampo\u201d, ki omogo\u010da so\u010dasno kuhanje z ve\u010d posodami na isti kuhalni plo\u0161\u010di.<\/p>\n\n\n\n<p class=\"mt-5 text-justify\">Posebnost na\u0161ih \u017ear plo\u0161\u010d in ponev za du\u0161enje je, da toploto in energijo sprostijo samo v <strong>neposrednem stiku z \u017eivili<\/strong> in <strong>glede na koli\u010dino kuhanih jedi<\/strong>. Toplota se ne razpr\u0161i po zgornji in spodnji povr\u0161ini. \u017dar plo\u0161\u010da <strong>enakomerno spro\u0161\u010da<\/strong> <strong>toploto<\/strong> po celotni kuhalni povr\u0161ini <strong>do roba<\/strong>. Dvojna temperaturna sonda v posodi za du\u0161enje prepre\u010duje temperaturne <strong>konice in izbolj\u0161a energetsko u\u010dinkovitost<\/strong>.<\/p>\n\n\n\n<p class=\"mt-5 text-justify\">HORO uporablja <strong>plemenite kovine<\/strong>, kot so <strong>titan<\/strong>, <strong>nerjave\u010de jeklo<\/strong> in <strong>baker<\/strong> za izmenjavo toplote ter <strong>posebne izolatorje<\/strong> za prepre\u010devanje razpr\u0161itve toplote, kar omogo\u010da <strong>precej\u0161nje prihranke energije<\/strong>. Zahvaljujo\u010d <strong>inovativnemu sistemu gretja<\/strong> kuhalnikov testenin in cvrtnikov je <strong>\u010das segrevanja<\/strong> <strong>izjemno hiter<\/strong>, kar posledi\u010dno zmanj\u0161a porabo elektri\u010dne energije.<\/p>\n\n\n\n<p class=\"mt-5 text-justify\">Dodaten pomemben prihranek energije je posledica dejstva, da je <strong>poraba energije vsakega posameznega kosa opreme sorazmerna s koli\u010dino kuhane hrane.<\/strong><\/p>\n<\/div>\n\n\n\n<div class=\"wp-block-column is-layout-flow wp-block-column-is-layout-flow\">\n<div class=\"wp-block-columns are-vertically-aligned-top my-0 is-layout-flex wp-container-core-columns-is-layout-9d6595d7 wp-block-columns-is-layout-flex\">\n<div class=\"wp-block-column is-vertically-aligned-top mx-0 px-0 is-layout-flow wp-block-column-is-layout-flow\"><div class=\"wp-block-image\">\n<figure class=\"aligncenter size-large\"><img loading=\"lazy\" decoding=\"async\" width=\"300\" height=\"400\" src=\"https:\/\/horokitchens.com\/wp-content\/uploads\/2020\/09\/pm-induzione-pro_300.png\" alt=\"\" class=\"wp-image-1890\" srcset=\"https:\/\/horokitchens.com\/wp-content\/uploads\/2020\/09\/pm-induzione-pro_300.png 300w, https:\/\/horokitchens.com\/wp-content\/uploads\/2020\/09\/pm-induzione-pro_300-225x300.png 225w\" sizes=\"auto, (max-width: 300px) 100vw, 300px\" \/><figcaption class=\"wp-element-caption\">INDUKCIJSKA PLO\u0160\u010cA: energijski izkoristek do 95 %<\/figcaption><\/figure>\n<\/div><\/div>\n\n\n\n<div class=\"wp-block-column is-vertically-aligned-top mx-0 px-0 is-layout-flow wp-block-column-is-layout-flow\"><div class=\"wp-block-image\">\n<figure class=\"aligncenter size-large\"><img loading=\"lazy\" decoding=\"async\" width=\"300\" height=\"400\" src=\"https:\/\/horokitchens.com\/wp-content\/uploads\/2020\/09\/pm-cuociposta-40-pro_300.png\" alt=\"\" class=\"wp-image-1904\" srcset=\"https:\/\/horokitchens.com\/wp-content\/uploads\/2020\/09\/pm-cuociposta-40-pro_300.png 300w, https:\/\/horokitchens.com\/wp-content\/uploads\/2020\/09\/pm-cuociposta-40-pro_300-225x300.png 225w\" sizes=\"auto, (max-width: 300px) 100vw, 300px\" \/><figcaption class=\"wp-element-caption\">KUHALNIK TESTENIN: energijski izkoristek do 100 %<\/figcaption><\/figure>\n<\/div><\/div>\n<\/div>\n\n\n\n<div class=\"wp-block-columns are-vertically-aligned-top my-0 is-layout-flex wp-container-core-columns-is-layout-9d6595d7 wp-block-columns-is-layout-flex\">\n<div class=\"wp-block-column is-vertically-aligned-top mx-0 px-0 is-layout-flow wp-block-column-is-layout-flow\"><div class=\"wp-block-image\">\n<figure class=\"aligncenter size-large\"><img loading=\"lazy\" decoding=\"async\" width=\"300\" height=\"400\" src=\"https:\/\/horokitchens.com\/wp-content\/uploads\/2020\/09\/pm-fr10-10-pro_300.png\" alt=\"\" class=\"wp-image-1907\" srcset=\"https:\/\/horokitchens.com\/wp-content\/uploads\/2020\/09\/pm-fr10-10-pro_300.png 300w, https:\/\/horokitchens.com\/wp-content\/uploads\/2020\/09\/pm-fr10-10-pro_300-225x300.png 225w\" sizes=\"auto, (max-width: 300px) 100vw, 300px\" \/><figcaption class=\"wp-element-caption\">CVRTNIK: energijski izkoristek do 100%<\/figcaption><\/figure>\n<\/div><\/div>\n\n\n\n<div class=\"wp-block-column is-vertically-aligned-top mx-0 px-0 is-layout-flow wp-block-column-is-layout-flow\"><div class=\"wp-block-image\">\n<figure class=\"aligncenter size-large is-resized\"><img loading=\"lazy\" decoding=\"async\" width=\"300\" height=\"400\" src=\"https:\/\/horokitchens.com\/wp-content\/uploads\/2020\/09\/pm-frytop-2-zone-pro_300.png\" alt=\"\" class=\"wp-image-1910\" style=\"width:300px;height:auto\" srcset=\"https:\/\/horokitchens.com\/wp-content\/uploads\/2020\/09\/pm-frytop-2-zone-pro_300.png 300w, https:\/\/horokitchens.com\/wp-content\/uploads\/2020\/09\/pm-frytop-2-zone-pro_300-225x300.png 225w\" sizes=\"auto, (max-width: 300px) 100vw, 300px\" \/><figcaption class=\"wp-element-caption\">\u017dAR PLO\u0160\u010cA: energijski izkoristek do 80 %<\/figcaption><\/figure>\n<\/div><\/div>\n<\/div>\n\n\n\n<div class=\"wp-block-columns are-vertically-aligned-top my-0 is-layout-flex wp-container-core-columns-is-layout-9d6595d7 wp-block-columns-is-layout-flex\">\n<div class=\"wp-block-column is-vertically-aligned-top mx-0 px-0 is-layout-flow wp-block-column-is-layout-flow\"><div class=\"wp-block-image\">\n<figure class=\"aligncenter size-large\"><img loading=\"lazy\" decoding=\"async\" width=\"300\" height=\"400\" src=\"https:\/\/horokitchens.com\/wp-content\/uploads\/2020\/09\/pm-brasiera-pro_300.png\" alt=\"\" class=\"wp-image-1916\" srcset=\"https:\/\/horokitchens.com\/wp-content\/uploads\/2020\/09\/pm-brasiera-pro_300.png 300w, https:\/\/horokitchens.com\/wp-content\/uploads\/2020\/09\/pm-brasiera-pro_300-225x300.png 225w\" sizes=\"auto, (max-width: 300px) 100vw, 300px\" \/><figcaption class=\"wp-element-caption\">PONEV ZA DU\u0160ENJE: energijski izkoristek do 80 %<\/figcaption><\/figure>\n<\/div><\/div>\n\n\n\n<div class=\"wp-block-column is-vertically-aligned-top mx-0 px-0 is-layout-flow wp-block-column-is-layout-flow\"><div class=\"wp-block-image\">\n<figure class=\"aligncenter size-full\"><img loading=\"lazy\" decoding=\"async\" width=\"300\" height=\"400\" src=\"https:\/\/horokitchens.com\/wp-content\/uploads\/2020\/10\/materiali_en-2.png\" alt=\"\" class=\"wp-image-3900\" srcset=\"https:\/\/horokitchens.com\/wp-content\/uploads\/2020\/10\/materiali_en-2.png 300w, https:\/\/horokitchens.com\/wp-content\/uploads\/2020\/10\/materiali_en-2-225x300.png 225w\" sizes=\"auto, (max-width: 300px) 100vw, 300px\" \/><figcaption class=\"wp-element-caption\">PLEMENITI MATERIALI<\/figcaption><\/figure>\n<\/div><\/div>\n<\/div>\n<\/div>\n<\/div>\n<\/div><\/div>\n<\/div><\/div>\n","protected":false},"excerpt":{"rendered":"<p>Efficienza energetica Power Monitor: sistem za optimizacijo energije s 7-pal\u010dnim zaslonom na dotik. Vzroke za energetsko neu\u010dinkovitost lahko odpravimo z zmanj\u0161evanjem porabe, optimizacijo rabe energije in prepre\u010devanjem izgub, kar pa zahteva ozave\u0161\u010denost in posebne ukrepe. HORO je na podlagi tridesetletnih izku\u0161enj uspel razviti izdelek, ki je enostaven za namestitev, prilagodljiv in zanesljiv: Power Monitor Energy. [&hellip;]<\/p>\n","protected":false},"author":1,"featured_media":0,"parent":0,"menu_order":0,"comment_status":"closed","ping_status":"closed","template":"","meta":{"_acf_changed":false,"footnotes":""},"class_list":["post-3877","page","type-page","status-publish","hentry"],"acf":[],"_links":{"self":[{"href":"https:\/\/horokitchens.com\/sl\/wp-json\/wp\/v2\/pages\/3877","targetHints":{"allow":["GET"]}}],"collection":[{"href":"https:\/\/horokitchens.com\/sl\/wp-json\/wp\/v2\/pages"}],"about":[{"href":"https:\/\/horokitchens.com\/sl\/wp-json\/wp\/v2\/types\/page"}],"author":[{"embeddable":true,"href":"https:\/\/horokitchens.com\/sl\/wp-json\/wp\/v2\/users\/1"}],"replies":[{"embeddable":true,"href":"https:\/\/horokitchens.com\/sl\/wp-json\/wp\/v2\/comments?post=3877"}],"version-history":[{"count":4,"href":"https:\/\/horokitchens.com\/sl\/wp-json\/wp\/v2\/pages\/3877\/revisions"}],"predecessor-version":[{"id":4289,"href":"https:\/\/horokitchens.com\/sl\/wp-json\/wp\/v2\/pages\/3877\/revisions\/4289"}],"wp:attachment":[{"href":"https:\/\/horokitchens.com\/sl\/wp-json\/wp\/v2\/media?parent=3877"}],"curies":[{"name":"wp","href":"https:\/\/api.w.org\/{rel}","templated":true}]}}