{"id":3807,"date":"2020-05-29T13:44:40","date_gmt":"2020-05-29T13:44:40","guid":{"rendered":"https:\/\/horokitchens.com\/chi-siamo\/"},"modified":"2023-12-22T08:15:54","modified_gmt":"2023-12-22T08:15:54","slug":"podjetje","status":"publish","type":"page","link":"https:\/\/horokitchens.com\/sl\/podjetje\/","title":{"rendered":"Podjetje"},"content":{"rendered":"\n<div class=\"wp-block-group alignfull\"><div class=\"wp-block-group__inner-container is-layout-flow wp-block-group-is-layout-flow\">\n<div class=\"wp-block-group container my-5\"><div class=\"wp-block-group__inner-container is-layout-flow wp-block-group-is-layout-flow\">\n<h1 class=\"wp-block-heading\"><strong>Podjetje<\/strong><\/h1>\n<\/div><\/div>\n<\/div><\/div>\n\n\n\n<div class=\"wp-block-columns alignwide container is-layout-flex wp-container-core-columns-is-layout-9d6595d7 wp-block-columns-is-layout-flex\">\n<div class=\"wp-block-column is-layout-flow wp-block-column-is-layout-flow\" style=\"flex-basis:35%\">\n<h3 class=\"wp-block-heading\">Izku\u0161nje in strokovnost<\/h3>\n\n\n\n<p><\/p>\n<\/div>\n\n\n\n<div class=\"wp-block-column is-layout-flow wp-block-column-is-layout-flow\" style=\"flex-basis:65%\">\n<p><strong>Podjetje HORO<\/strong> je bilo ustanovljeno kot dru\u017einsko podjetje, ki \u017ee ve\u010d kot 30 let<br><strong>ponuja kuhinjske re\u0161itve po meri za profesionalno in zasebno uporabo.<br><\/strong>Podjetje je <strong>leta 1982<\/strong> ustanovil Andrea Zuccatti, leta 2011 pa se mu je pri poslu<br>pridru\u017eil \u0161e sin Nicola.<\/p>\n\n\n\n<figure class=\"wp-block-image size-large\"><img loading=\"lazy\" decoding=\"async\" width=\"1024\" height=\"655\" src=\"https:\/\/horokitchens.com\/wp-content\/uploads\/2020\/06\/capannone-cadine-1024x655.jpg\" alt=\"\" class=\"wp-image-324\" srcset=\"https:\/\/horokitchens.com\/wp-content\/uploads\/2020\/06\/capannone-cadine-1024x655.jpg 1024w, https:\/\/horokitchens.com\/wp-content\/uploads\/2020\/06\/capannone-cadine-300x192.jpg 300w, https:\/\/horokitchens.com\/wp-content\/uploads\/2020\/06\/capannone-cadine-768x491.jpg 768w, https:\/\/horokitchens.com\/wp-content\/uploads\/2020\/06\/capannone-cadine.jpg 1200w\" sizes=\"auto, (max-width: 1024px) 100vw, 1024px\" \/><\/figure>\n\n\n\n<p>Leto 2020 je zaznamovalo novo sinergijsko sodelovanje med podjetjema <strong>HORO <\/strong>in<br><strong>Box Design<\/strong>, da bi lahko odgovorili na vedno ve\u010dje mednarodno povpra\u0161evanje. <strong>Box<br>Design<\/strong>, ki ga je ustanovil Paolo Zanella, je pomembno podjetje, <strong>specializirano za<br>pogodbeno vodenje, vodenje projektov in upravljanje logistike<\/strong>, ki se pona\u0161a s<br><strong>tridesetletnimi izku\u0161njami<\/strong> v panogi. Podjetje Box Design je posebej specializirano<br>za projekte opremljanja hotelov, restavracij in zasebnih rezidenc. Plod tega<br>sodelovanja je bila prenova blagovne znamke podjetja z novo generacijo kuhinj pod<br>imenom <strong>HORO Custom Cooking<\/strong>.<\/p>\n\n\n\n<p>Podjetje je med prvimi verjelo v indukcijsko kuhanje, izvajalo raziskave in razvoj ter<br>postalo vodilno pri ustvarjanju monoblok kuhinj z <strong>visoko tehnolo\u0161ko vsebino in<br>ekskluzivnimi tehni\u010dnimi re\u0161itvami<\/strong>.<\/p>\n\n\n\n<p><strong>Zasnova kuhinj HORO Custom Cooking narekuje nove smernice v inovativnem<br>in kakovostnem tehnolo\u0161kem napredku<\/strong>, kar je mogo\u010de le zahvaljujo\u010d bogatim<br>izku\u0161njam, zbranim v dolgih letih poslovanja.<\/p>\n<\/div>\n<\/div>\n\n\n\n<div class=\"wp-block-columns alignwide container mt-5 is-layout-flex wp-container-core-columns-is-layout-9d6595d7 wp-block-columns-is-layout-flex\">\n<div class=\"wp-block-column is-layout-flow wp-block-column-is-layout-flow\" style=\"flex-basis:35%\">\n<h3 class=\"wp-block-heading\">Na\u0161e poslanstvo<\/h3>\n\n\n\n<p><\/p>\n<\/div>\n\n\n\n<div class=\"wp-block-column is-layout-flow wp-block-column-is-layout-flow\" style=\"flex-basis:65%\">\n<p><strong>HORO <\/strong>vse vire usmerja <strong>izklju\u010dno v izdelavo indukcijskih kuhinjskih enot<\/strong>, za<br>katere so zna\u010dilni veliki prihranki energije in <strong>nizki operativni stro\u0161ki<\/strong>.<\/p>\n\n\n\n<p><strong>Izdelki HORO<\/strong> so <strong>obrtni\u0161ko izdelani po naro\u010dilu<\/strong> ter prilagojeni potrebam in <strong>\u017eeljam<br>na\u0161ih kupcev. Specializirana ekipa<\/strong> svetovalcev preu\u010di in analizira posebne potrebe<br>ter <strong>oblikuje prilagojene re\u0161itve<\/strong> z <strong>edinstveno visokozmogljivo opremo<\/strong>.<\/p>\n\n\n\n<p>Tehnologija monoblok kuhinj <strong>HORO <\/strong>spreminja delovno okolje v kuhinji po zaslugi<br><strong>odli\u010dne energetske u\u010dinkovitosti<\/strong>, ki jo nadzira sistem za optimizacijo energije<br><strong>POWER MONITOR<\/strong>.<\/p>\n<\/div>\n<\/div>\n\n\n\n<p><\/p>\n","protected":false},"excerpt":{"rendered":"<p>Podjetje Izku\u0161nje in strokovnost Podjetje HORO je bilo ustanovljeno kot dru\u017einsko podjetje, ki \u017ee ve\u010d kot 30 letponuja kuhinjske re\u0161itve po meri za profesionalno in zasebno uporabo.Podjetje je leta 1982 ustanovil Andrea Zuccatti, leta 2011 pa se mu je pri poslupridru\u017eil \u0161e sin Nicola. Leto 2020 je zaznamovalo novo sinergijsko sodelovanje med podjetjema HORO inBox [&hellip;]<\/p>\n","protected":false},"author":1,"featured_media":0,"parent":0,"menu_order":0,"comment_status":"closed","ping_status":"closed","template":"","meta":{"_acf_changed":false,"footnotes":""},"class_list":["post-3807","page","type-page","status-publish","hentry"],"acf":[],"_links":{"self":[{"href":"https:\/\/horokitchens.com\/sl\/wp-json\/wp\/v2\/pages\/3807","targetHints":{"allow":["GET"]}}],"collection":[{"href":"https:\/\/horokitchens.com\/sl\/wp-json\/wp\/v2\/pages"}],"about":[{"href":"https:\/\/horokitchens.com\/sl\/wp-json\/wp\/v2\/types\/page"}],"author":[{"embeddable":true,"href":"https:\/\/horokitchens.com\/sl\/wp-json\/wp\/v2\/users\/1"}],"replies":[{"embeddable":true,"href":"https:\/\/horokitchens.com\/sl\/wp-json\/wp\/v2\/comments?post=3807"}],"version-history":[{"count":1,"href":"https:\/\/horokitchens.com\/sl\/wp-json\/wp\/v2\/pages\/3807\/revisions"}],"predecessor-version":[{"id":3811,"href":"https:\/\/horokitchens.com\/sl\/wp-json\/wp\/v2\/pages\/3807\/revisions\/3811"}],"wp:attachment":[{"href":"https:\/\/horokitchens.com\/sl\/wp-json\/wp\/v2\/media?parent=3807"}],"curies":[{"name":"wp","href":"https:\/\/api.w.org\/{rel}","templated":true}]}}