{"id":2494,"date":"2020-10-02T07:12:52","date_gmt":"2020-10-02T07:12:52","guid":{"rendered":"https:\/\/horokitchens.com\/?page_id=2494"},"modified":"2020-10-02T11:52:33","modified_gmt":"2020-10-02T11:52:33","slug":"energieeffizienz","status":"publish","type":"page","link":"https:\/\/horokitchens.com\/de\/energieeffizienz\/","title":{"rendered":"Energieeffizienz"},"content":{"rendered":"\n<div class=\"wp-block-group alignfull container-fluid power-monitor-energy-container\"><div class=\"wp-block-group__inner-container is-layout-flow wp-block-group-is-layout-flow\">\n<div class=\"wp-block-group container py-5\"><div class=\"wp-block-group__inner-container is-layout-flow wp-block-group-is-layout-flow\">\n<h1 class=\"d-none wp-block-heading\">Efficienza energetica<\/h1>\n\n\n\n<div class=\"wp-block-image\"><figure class=\"aligncenter size-large is-resized\"><img loading=\"lazy\" decoding=\"async\" src=\"https:\/\/horokitchens.com\/wp-content\/uploads\/2020\/09\/Logo_PM_Energy_500.png\" alt=\"\" class=\"wp-image-1845\" width=\"250\" height=\"165\" srcset=\"https:\/\/horokitchens.com\/wp-content\/uploads\/2020\/09\/Logo_PM_Energy_500.png 500w, https:\/\/horokitchens.com\/wp-content\/uploads\/2020\/09\/Logo_PM_Energy_500-300x197.png 300w\" sizes=\"auto, (max-width: 250px) 100vw, 250px\" \/><\/figure><\/div>\n\n\n\n<div class=\"wp-block-columns mt-5 is-layout-flex wp-container-core-columns-is-layout-9d6595d7 wp-block-columns-is-layout-flex\">\n<div class=\"wp-block-column is-layout-flow wp-block-column-is-layout-flow\">\n<div class=\"wp-block-media-text alignwide is-stacked-on-mobile is-vertically-aligned-center\" style=\"grid-template-columns:33% auto\"><figure class=\"wp-block-media-text__media\"><img loading=\"lazy\" decoding=\"async\" width=\"300\" height=\"300\" src=\"https:\/\/horokitchens.com\/wp-content\/uploads\/2020\/09\/Power-Monitor-Energy_dispositio_300.png\" alt=\"\" class=\"wp-image-1948\" srcset=\"https:\/\/horokitchens.com\/wp-content\/uploads\/2020\/09\/Power-Monitor-Energy_dispositio_300.png 300w, https:\/\/horokitchens.com\/wp-content\/uploads\/2020\/09\/Power-Monitor-Energy_dispositio_300-150x150.png 150w\" sizes=\"auto, (max-width: 300px) 100vw, 300px\" \/><\/figure><div class=\"wp-block-media-text__content\">\n<p class=\"mt-3 mt-sm-0 text-justify has-normal-font-size\"><strong>Power Monitor Energy: <\/strong>Ger\u00e4t zur<strong> Energieoptimierung <\/strong>mit 7-Zoll-Touchscreen-Display.<\/p>\n<\/div><\/div>\n<\/div>\n\n\n\n<div class=\"wp-block-column is-layout-flow wp-block-column-is-layout-flow\"><\/div>\n<\/div>\n\n\n\n<div class=\"wp-block-columns mt-5 is-layout-flex wp-container-core-columns-is-layout-9d6595d7 wp-block-columns-is-layout-flex\">\n<div class=\"wp-block-column is-layout-flow wp-block-column-is-layout-flow\">\n<p class=\"mb-5 text-justify\">Die Reduzierung und auch die Optimierung des Energieverbrauchs sowie die Vermeidung von Verschwendung erfordern Bewusstsein, angemessenes Verhalten und spezifische Ma\u00dfnahmen, um die Ursachen der Ineffizienz zu beseitigen.<\/p>\n\n\n\n<p class=\"mb-5 text-justify\">Dank ihrer <strong>drei\u00dfigj\u00e4hrigen Erfahrung<\/strong> ist es HORO gelungen, ein Produkt zu entwickeln, das <strong>einfach zu installieren<\/strong>, <strong>flexibel und zuverl\u00e4ssig<\/strong> ist: den <strong>Power Monitor Energy<\/strong>. Die Installation dieses Energieoptimierungssystems begrenzt den Stromverbrauch Ihrer Anlage und vermeidet die Anschlusskosten, die f\u00fcr Aushub- und Verlegungsarbeiten zur Aufr\u00fcstung der Elektrokabine anfallen w\u00fcrden. Die <strong>Power Monitor Energy<\/strong>-Technologie tr\u00e4gt auch zur <strong>Verringerung der Treibhausgasemissionen in die Atmosph\u00e4re<\/strong> bei und verbessert die Energieeffizienz. Das <strong>Power Monitor Energy<\/strong>-System bietet zudem die M\u00f6glichkeit, einen <strong>Fernunterst\u00fctzungsdienst in Anspruch<\/strong> zu nehmen.<\/p>\n\n\n\n<p class=\"mb-5 text-justify\"><strong>Power Monitor Energy<\/strong> ist ein spezielles System f\u00fcr Gro\u00dfk\u00fcchen, das in folgenden Bereichen eingesetzt werden kann: Restaurants, Hotels, Kantinen, Fast-Food-, W\u00e4scherei- und Wellness-Zentren.<\/p>\n\n\n\n<p><strong>FUNKTIONEN DES POWER MONITOR:<\/strong><\/p>\n\n\n\n<ul class=\"wp-block-list\"><li>Fernunterst\u00fctzung und Fernwartung.<\/li><li>\u00dcberpr\u00fcfung und Durchf\u00fchrung neuer Installationen durch Remote-Support.<\/li><li>\u00dcberwachung der Ausr\u00fcstung.<\/li><li>Software-Updates und Anpassung.<\/li><li>Steuerung der Leistungsschwelle.<\/li><li>Schwellenwert-Verwaltung mit Stromerzeugern.<\/li><li>Verwaltung der Schwellenwerte f\u00fcr alternative Energieanlagen.<\/li><li>Berichterstattung \u00fcber den w\u00f6chentlichen, monatlichen und j\u00e4hrlichen Verbrauch.<\/li><\/ul>\n<\/div>\n\n\n\n<div class=\"wp-block-column is-layout-flow wp-block-column-is-layout-flow\">\n<p class=\"has-text-align-center\">Schematische Darstellung von Energieoptimierung und Fernwartung<\/p>\n\n\n\n<div class=\"wp-block-image img-fluid\"><figure class=\"aligncenter size-large\"><img loading=\"lazy\" decoding=\"async\" width=\"1024\" height=\"1024\" src=\"https:\/\/horokitchens.com\/wp-content\/uploads\/2020\/10\/Schema-Power-Monitor_DE-1024x1024.png\" alt=\"\" class=\"wp-image-2477\" srcset=\"https:\/\/horokitchens.com\/wp-content\/uploads\/2020\/10\/Schema-Power-Monitor_DE-1024x1024.png 1024w, https:\/\/horokitchens.com\/wp-content\/uploads\/2020\/10\/Schema-Power-Monitor_DE-300x300.png 300w, https:\/\/horokitchens.com\/wp-content\/uploads\/2020\/10\/Schema-Power-Monitor_DE-150x150.png 150w, https:\/\/horokitchens.com\/wp-content\/uploads\/2020\/10\/Schema-Power-Monitor_DE-768x768.png 768w, https:\/\/horokitchens.com\/wp-content\/uploads\/2020\/10\/Schema-Power-Monitor_DE-1536x1536.png 1536w, https:\/\/horokitchens.com\/wp-content\/uploads\/2020\/10\/Schema-Power-Monitor_DE.png 1962w\" sizes=\"auto, (max-width: 1024px) 100vw, 1024px\" \/><\/figure><\/div>\n<\/div>\n<\/div>\n<\/div><\/div>\n<\/div><\/div>\n\n\n\n<div class=\"wp-block-group alignfull container-fluid power-monitor-air-container\"><div class=\"wp-block-group__inner-container is-layout-flow wp-block-group-is-layout-flow\">\n<div class=\"wp-block-group container py-5\"><div class=\"wp-block-group__inner-container is-layout-flow wp-block-group-is-layout-flow\">\n<div class=\"wp-block-image\"><figure class=\"aligncenter size-large is-resized\"><img loading=\"lazy\" decoding=\"async\" src=\"https:\/\/horokitchens.com\/wp-content\/uploads\/2020\/09\/Logo_PM_Air_500.png\" alt=\"\" class=\"wp-image-1842\" width=\"250\" height=\"165\" srcset=\"https:\/\/horokitchens.com\/wp-content\/uploads\/2020\/09\/Logo_PM_Air_500.png 500w, https:\/\/horokitchens.com\/wp-content\/uploads\/2020\/09\/Logo_PM_Air_500-300x197.png 300w\" sizes=\"auto, (max-width: 250px) 100vw, 250px\" \/><\/figure><\/div>\n\n\n\n<div class=\"wp-block-columns mt-5 is-layout-flex wp-container-core-columns-is-layout-9d6595d7 wp-block-columns-is-layout-flex\">\n<div class=\"wp-block-column is-layout-flow wp-block-column-is-layout-flow\">\n<div class=\"wp-block-media-text alignwide is-stacked-on-mobile is-vertically-aligned-center\" style=\"grid-template-columns:35% auto\"><figure class=\"wp-block-media-text__media\"><img loading=\"lazy\" decoding=\"async\" width=\"300\" height=\"300\" src=\"https:\/\/horokitchens.com\/wp-content\/uploads\/2020\/09\/Power-Monitor-Air_dispositio_300.png\" alt=\"\" class=\"wp-image-1940\" srcset=\"https:\/\/horokitchens.com\/wp-content\/uploads\/2020\/09\/Power-Monitor-Air_dispositio_300.png 300w, https:\/\/horokitchens.com\/wp-content\/uploads\/2020\/09\/Power-Monitor-Air_dispositio_300-150x150.png 150w\" sizes=\"auto, (max-width: 300px) 100vw, 300px\" \/><\/figure><div class=\"wp-block-media-text__content\">\n<p class=\"mt-3 mt-sm-0 text-justify has-normal-font-size\"><strong>Power Monitor Air: <\/strong>Ger\u00e4t zur <strong>Optimierung der Luftaustausch<\/strong> mit 7-Zoll-Touchscreen-Display.<\/p>\n<\/div><\/div>\n<\/div>\n\n\n\n<div class=\"wp-block-column is-layout-flow wp-block-column-is-layout-flow\"><\/div>\n<\/div>\n\n\n\n<div class=\"wp-block-columns are-vertically-aligned-top mt-5 is-layout-flex wp-container-core-columns-is-layout-9d6595d7 wp-block-columns-is-layout-flex\">\n<div class=\"wp-block-column is-vertically-aligned-top is-layout-flow wp-block-column-is-layout-flow\">\n<p class=\"mb-5 text-justify\">Ca. <strong>30&nbsp;% des gesamten Energieverbrauchs<\/strong> in Restaurants <strong>entfallen auf das HLK-System<\/strong> (Heizung, L\u00fcftung und Klimaanlage) und <strong>davon allein 75&nbsp;% auf das Absaugsystem der Dunstabzugshauben<\/strong>. Es ist daher klar, dass das Problem der \u201erichtigen Dimensionierung und der richtigen Technologie&#8220; von gro\u00dfer Bedeutung ist und erhebliche wirtschaftliche Auswirkungen auf die Betriebskosten des gesamten Unternehmens hat.<\/p>\n\n\n\n<p class=\"mt-5 text-justify\"><a>HORO stellt ein System zur Verf\u00fcgung, das in der Lage ist, die Abluftvolumenstr\u00f6me jeder einzelnen <strong>Ventilationshaube zu regulieren<\/strong>, und zwar bis zu <strong>60&nbsp;% Reduzierung<\/strong> des Abluftvolumenstroms. Eine unglaubliche Einsparung beim Verbrauch f\u00fcr Heizung und Klimaanlage. <strong>Optimierung der L\u00fcfterdrehzahl<\/strong>, h\u00e4lt die L\u00fcfterdrehzahl je nach verwendeter Ausr\u00fcstung auf dem erforderlichen Mindestniveau. <strong>Gleicht den Betrieb von Saugsystemen automatisch aus<\/strong>, sowohl f\u00fcr Saug- als auch f\u00fcr Einlasskreisl\u00e4ufe. <strong>Intuitives, benutzerfreundliches<\/strong> <strong>Display<\/strong> mit Touchscreen.<\/a><\/p>\n\n\n\n<p class=\"mt-5 text-justify\">Die <strong>modulare Steuerung des L\u00fcftungsvolumens <\/strong>und der <strong>tats\u00e4chliche Strombedarf<\/strong> (Teillast oder Nulllast) sind heute eine <strong>notwendige Voraussetzung<\/strong> f\u00fcr den Betrieb. Der Trend zur Energieeinsparung ist die <strong>Reduzierung der Abluft<\/strong> und damit des<strong> gesamten L\u00fcftungsystems<\/strong>.<\/p>\n\n\n\n<p class=\"mt-5 text-justify\"><strong><strong>FUNKTIONEN VON POWER MONITOR AIR<\/strong>:<\/strong><\/p>\n\n\n\n<ul class=\"wp-block-list\"><li>Fernunterst\u00fctzung und Fernwartung.<\/li><li>Software-Updates und Anpassungen.<\/li><\/ul>\n<\/div>\n\n\n\n<div class=\"wp-block-column is-vertically-aligned-top is-layout-flow wp-block-column-is-layout-flow\">\n<p class=\"has-text-align-center\">Schematische Darstellung von Optimierung der Luftreinigung und Fernwartung.<\/p>\n\n\n\n<div class=\"wp-block-image\"><figure class=\"aligncenter size-large\"><img loading=\"lazy\" decoding=\"async\" width=\"1024\" height=\"1024\" src=\"https:\/\/horokitchens.com\/wp-content\/uploads\/2020\/10\/Schema-Power-Air_DE-1024x1024.png\" alt=\"\" class=\"wp-image-2488\" srcset=\"https:\/\/horokitchens.com\/wp-content\/uploads\/2020\/10\/Schema-Power-Air_DE-1024x1024.png 1024w, https:\/\/horokitchens.com\/wp-content\/uploads\/2020\/10\/Schema-Power-Air_DE-300x300.png 300w, https:\/\/horokitchens.com\/wp-content\/uploads\/2020\/10\/Schema-Power-Air_DE-150x150.png 150w, https:\/\/horokitchens.com\/wp-content\/uploads\/2020\/10\/Schema-Power-Air_DE-768x768.png 768w, https:\/\/horokitchens.com\/wp-content\/uploads\/2020\/10\/Schema-Power-Air_DE-1536x1536.png 1536w, https:\/\/horokitchens.com\/wp-content\/uploads\/2020\/10\/Schema-Power-Air_DE.png 1962w\" sizes=\"auto, (max-width: 1024px) 100vw, 1024px\" \/><\/figure><\/div>\n<\/div>\n<\/div>\n<\/div><\/div>\n<\/div><\/div>\n\n\n\n<div class=\"wp-block-group alignfull container-fluid power-monitor-performance-container\"><div class=\"wp-block-group__inner-container is-layout-flow wp-block-group-is-layout-flow\">\n<div class=\"wp-block-group container py-5\"><div class=\"wp-block-group__inner-container is-layout-flow wp-block-group-is-layout-flow\">\n<div class=\"wp-block-columns is-layout-flex wp-container-core-columns-is-layout-9d6595d7 wp-block-columns-is-layout-flex\">\n<div class=\"wp-block-column pr-sm-5 is-layout-flow wp-block-column-is-layout-flow\">\n<figure class=\"wp-block-image size-large mb-0 pb-0\"><img loading=\"lazy\" decoding=\"async\" width=\"100\" height=\"63\" src=\"https:\/\/horokitchens.com\/wp-content\/uploads\/2020\/09\/logo-Performance_100.png\" alt=\"\" class=\"wp-image-1886\"\/><\/figure>\n\n\n\n<h2 class=\"mt-0 py-0 wp-block-heading\"><strong>LEISTUNG<\/strong><\/h2>\n\n\n\n<p class=\"mt-5 text-justify\">Immer aufmerksam auf den Markt und seine kontinuierlichen Entwicklungen blickend, konzentriert HORO seine Ressourcen ausschlie\u00dflich auf die Herstellung von <strong>Induktionsk\u00fcchen in Monoblockbauweise<\/strong>, die sich durch <strong>hohe Energieeinsparungen<\/strong> und folglich <strong>niedrige Betriebskosten auszeichnen<\/strong>.<br><\/p>\n\n\n\n<p class=\"mt-5 text-justify\"><strong>Hervorragende Leistung<\/strong> in der K\u00fcche, begleitet von <strong>effizienten und innovativen Technologien<\/strong>, die auf dem Markt einzigartig sind, erm\u00f6glichen es unseren K\u00fcchenchefs, <strong>Ressourcen, Kochzeit und Service einzusparen<\/strong> und ihr <strong>Gesch\u00e4ft profitabler<\/strong> zu machen.<\/p>\n\n\n\n<p class=\"mt-5 text-justify\">Die Induktionstechnologie macht sich in <strong>kurzer Zeit bezahlt<\/strong> und gilt als eine<strong> Investition<\/strong>, die <strong>sich schnell amortisiert<\/strong>. Im Vergleich zum traditionellen Kochen sind unsere Induktionskochfelder mit <strong>Tuttocampo-Technologie<\/strong> f\u00fcr den Betrieb mit <strong>mehreren T\u00f6pfen auf derselben Kochfl\u00e4che ausgelegt<\/strong>.<\/p>\n\n\n\n<p class=\"mt-5 text-justify\">Die Besonderheit unserer Grillplatten und Bratpfannen besteht darin, Temperatur und Energie nur bei <strong>direktemKontakt mit dem Lebensmittel<\/strong> und <strong>in Abh\u00e4ngigkeit von der zubereiteten Menge abzugeben<\/strong>. Sie streuen die Temperatur nicht \u00fcber die Ober- und Unterseite. Die Grillplatten sorgt f\u00fcr eine <strong>gleichm\u00e4\u00dfige Temperatur<\/strong> \u00fcber die gesamte Kochfl\u00e4che <strong>bis zum Rand<\/strong>. Der doppelte Temperaturf\u00fchler, der in den Bratpfannen eingesetzt wird, <strong>verhindert Temperaturspitzen und verbessert die Energieeffizienz<\/strong>.<\/p>\n\n\n\n<p class=\"mt-5 text-justify\">HORO verwendet <strong>Edelmetalle<\/strong> wie <strong>Titan<\/strong>, <strong>Edelstahl<\/strong> und <strong>Kupfer<\/strong> f\u00fcr den W\u00e4rmeaustausch und <strong>spezielle Isolatoren<\/strong> zur Vermeidung von W\u00e4rmeverlusten, wodurch <strong>erhebliche Energieeinsparungen<\/strong> erzielt werden. <strong>Dank des innovativen Heizsystems f\u00fcr Nudelkocher und Fritteusen sind die Aufheizzeiten extrem kurz, was den Stromverbrauch senkt.<\/strong><\/p>\n\n\n\n<p class=\"mt-5 text-justify\">Eine weitere bedeutende M\u00f6glichkeit, Energie einzusparen, liegt darin, <strong>dass jedes einzelne Ger\u00e4t nur die Energie verbraucht, die f\u00fcr die Zubereitung des jeweiligen Lebensmittels n\u00f6tig ist.<\/strong><\/p>\n<\/div>\n\n\n\n<div class=\"wp-block-column is-layout-flow wp-block-column-is-layout-flow\">\n<div class=\"wp-block-columns are-vertically-aligned-top my-0 is-layout-flex wp-container-core-columns-is-layout-9d6595d7 wp-block-columns-is-layout-flex\">\n<div class=\"wp-block-column is-vertically-aligned-top mx-0 px-0 is-layout-flow wp-block-column-is-layout-flow\">\n<div class=\"wp-block-image\"><figure class=\"aligncenter size-large\"><img loading=\"lazy\" decoding=\"async\" width=\"300\" height=\"400\" src=\"https:\/\/horokitchens.com\/wp-content\/uploads\/2020\/09\/pm-induzione-pro_300.png\" alt=\"\" class=\"wp-image-1892\" srcset=\"https:\/\/horokitchens.com\/wp-content\/uploads\/2020\/09\/pm-induzione-pro_300.png 300w, https:\/\/horokitchens.com\/wp-content\/uploads\/2020\/09\/pm-induzione-pro_300-225x300.png 225w\" sizes=\"auto, (max-width: 300px) 100vw, 300px\" \/><figcaption>INDUKTIONSKOCHFELDE: Energieeinsparung bis zu 95%<\/figcaption><\/figure><\/div>\n<\/div>\n\n\n\n<div class=\"wp-block-column is-vertically-aligned-top mx-0 px-0 is-layout-flow wp-block-column-is-layout-flow\">\n<div class=\"wp-block-image\"><figure class=\"aligncenter size-large\"><img loading=\"lazy\" decoding=\"async\" width=\"300\" height=\"400\" src=\"https:\/\/horokitchens.com\/wp-content\/uploads\/2020\/09\/pm-cuociposta-40-pro_300.png\" alt=\"\" class=\"wp-image-1906\" srcset=\"https:\/\/horokitchens.com\/wp-content\/uploads\/2020\/09\/pm-cuociposta-40-pro_300.png 300w, https:\/\/horokitchens.com\/wp-content\/uploads\/2020\/09\/pm-cuociposta-40-pro_300-225x300.png 225w\" sizes=\"auto, (max-width: 300px) 100vw, 300px\" \/><figcaption>NUDELKOCHER: Energieeinsparung bis zu 100%<\/figcaption><\/figure><\/div>\n<\/div>\n<\/div>\n\n\n\n<div class=\"wp-block-columns are-vertically-aligned-top my-0 is-layout-flex wp-container-core-columns-is-layout-9d6595d7 wp-block-columns-is-layout-flex\">\n<div class=\"wp-block-column is-vertically-aligned-top mx-0 px-0 is-layout-flow wp-block-column-is-layout-flow\">\n<div class=\"wp-block-image\"><figure class=\"aligncenter size-large\"><img loading=\"lazy\" decoding=\"async\" width=\"300\" height=\"400\" src=\"https:\/\/horokitchens.com\/wp-content\/uploads\/2020\/09\/pm-fr10-10-pro_300.png\" alt=\"\" class=\"wp-image-1909\" srcset=\"https:\/\/horokitchens.com\/wp-content\/uploads\/2020\/09\/pm-fr10-10-pro_300.png 300w, https:\/\/horokitchens.com\/wp-content\/uploads\/2020\/09\/pm-fr10-10-pro_300-225x300.png 225w\" sizes=\"auto, (max-width: 300px) 100vw, 300px\" \/><figcaption>FRITTEUSEN: Energieeinsparung bis zu 100%<\/figcaption><\/figure><\/div>\n<\/div>\n\n\n\n<div class=\"wp-block-column is-vertically-aligned-top mx-0 px-0 is-layout-flow wp-block-column-is-layout-flow\">\n<div class=\"wp-block-image\"><figure class=\"aligncenter size-large\"><img loading=\"lazy\" decoding=\"async\" width=\"300\" height=\"400\" src=\"https:\/\/horokitchens.com\/wp-content\/uploads\/2020\/09\/pm-frytop-2-zone-pro_300.png\" alt=\"\" class=\"wp-image-1912\" srcset=\"https:\/\/horokitchens.com\/wp-content\/uploads\/2020\/09\/pm-frytop-2-zone-pro_300.png 300w, https:\/\/horokitchens.com\/wp-content\/uploads\/2020\/09\/pm-frytop-2-zone-pro_300-225x300.png 225w\" sizes=\"auto, (max-width: 300px) 100vw, 300px\" \/><figcaption>GRILLPLATTEN: Energieeinsparung bis zu 80%<\/figcaption><\/figure><\/div>\n<\/div>\n<\/div>\n\n\n\n<div class=\"wp-block-columns are-vertically-aligned-top my-0 is-layout-flex wp-container-core-columns-is-layout-9d6595d7 wp-block-columns-is-layout-flex\">\n<div class=\"wp-block-column is-vertically-aligned-top mx-0 px-0 is-layout-flow wp-block-column-is-layout-flow\">\n<div class=\"wp-block-image\"><figure class=\"aligncenter size-large\"><img loading=\"lazy\" decoding=\"async\" width=\"300\" height=\"400\" src=\"https:\/\/horokitchens.com\/wp-content\/uploads\/2020\/09\/pm-brasiera-pro_300.png\" alt=\"\" class=\"wp-image-1918\" srcset=\"https:\/\/horokitchens.com\/wp-content\/uploads\/2020\/09\/pm-brasiera-pro_300.png 300w, https:\/\/horokitchens.com\/wp-content\/uploads\/2020\/09\/pm-brasiera-pro_300-225x300.png 225w\" sizes=\"auto, (max-width: 300px) 100vw, 300px\" \/><figcaption>MULTIFUNKTIONSBRATPFANNE: Energieeinsparung bis zu 80%<\/figcaption><\/figure><\/div>\n<\/div>\n\n\n\n<div class=\"wp-block-column is-vertically-aligned-top mx-0 px-0 is-layout-flow wp-block-column-is-layout-flow\">\n<div class=\"wp-block-image\"><figure class=\"aligncenter size-large\"><img loading=\"lazy\" decoding=\"async\" width=\"300\" height=\"400\" src=\"https:\/\/horokitchens.com\/wp-content\/uploads\/2020\/10\/materiali_de-2.png\" alt=\"\" class=\"wp-image-2606\" srcset=\"https:\/\/horokitchens.com\/wp-content\/uploads\/2020\/10\/materiali_de-2.png 300w, https:\/\/horokitchens.com\/wp-content\/uploads\/2020\/10\/materiali_de-2-225x300.png 225w\" sizes=\"auto, (max-width: 300px) 100vw, 300px\" \/><figcaption>EDELMETALLEN<\/figcaption><\/figure><\/div>\n<\/div>\n<\/div>\n<\/div>\n<\/div>\n<\/div><\/div>\n<\/div><\/div>\n","protected":false},"excerpt":{"rendered":"<p>Efficienza energetica Power Monitor Energy: Ger\u00e4t zur Energieoptimierung mit 7-Zoll-Touchscreen-Display. Die Reduzierung und auch die Optimierung des Energieverbrauchs sowie die Vermeidung von Verschwendung erfordern Bewusstsein, angemessenes Verhalten und spezifische Ma\u00dfnahmen, um die Ursachen der Ineffizienz zu beseitigen. Dank ihrer drei\u00dfigj\u00e4hrigen Erfahrung ist es HORO gelungen, ein Produkt zu entwickeln, das einfach zu installieren, flexibel und [&hellip;]<\/p>\n","protected":false},"author":1,"featured_media":0,"parent":0,"menu_order":0,"comment_status":"closed","ping_status":"closed","template":"","meta":{"_acf_changed":false,"footnotes":""},"class_list":["post-2494","page","type-page","status-publish","hentry"],"acf":[],"_links":{"self":[{"href":"https:\/\/horokitchens.com\/de\/wp-json\/wp\/v2\/pages\/2494","targetHints":{"allow":["GET"]}}],"collection":[{"href":"https:\/\/horokitchens.com\/de\/wp-json\/wp\/v2\/pages"}],"about":[{"href":"https:\/\/horokitchens.com\/de\/wp-json\/wp\/v2\/types\/page"}],"author":[{"embeddable":true,"href":"https:\/\/horokitchens.com\/de\/wp-json\/wp\/v2\/users\/1"}],"replies":[{"embeddable":true,"href":"https:\/\/horokitchens.com\/de\/wp-json\/wp\/v2\/comments?post=2494"}],"version-history":[{"count":15,"href":"https:\/\/horokitchens.com\/de\/wp-json\/wp\/v2\/pages\/2494\/revisions"}],"predecessor-version":[{"id":2617,"href":"https:\/\/horokitchens.com\/de\/wp-json\/wp\/v2\/pages\/2494\/revisions\/2617"}],"wp:attachment":[{"href":"https:\/\/horokitchens.com\/de\/wp-json\/wp\/v2\/media?parent=2494"}],"curies":[{"name":"wp","href":"https:\/\/api.w.org\/{rel}","templated":true}]}}