{"id":2455,"date":"2020-09-29T16:21:51","date_gmt":"2020-09-29T16:21:51","guid":{"rendered":"https:\/\/horokitchens.com\/?page_id=2455"},"modified":"2020-09-29T16:23:02","modified_gmt":"2020-09-29T16:23:02","slug":"nachhaltigkeit","status":"publish","type":"page","link":"https:\/\/horokitchens.com\/de\/nachhaltigkeit\/","title":{"rendered":"Nachhaltigkeit"},"content":{"rendered":"\n<div class=\"wp-block-group alignfull container-fluid mx-0 px-0 sostenibilita-container\"><div class=\"wp-block-group__inner-container is-layout-flow wp-block-group-is-layout-flow\">\n<div class=\"wp-block-group alignwide container py-5\"><div class=\"wp-block-group__inner-container is-layout-flow wp-block-group-is-layout-flow\">\n<h1 class=\"wp-block-heading\"><strong>NACHHALTIGKEIT<\/strong><\/h1>\n\n\n\n<div class=\"wp-block-columns is-layout-flex wp-container-core-columns-is-layout-9d6595d7 wp-block-columns-is-layout-flex\">\n<div class=\"wp-block-column is-layout-flow wp-block-column-is-layout-flow\">\n<p class=\"text-justify mt-5\">Konzepte wie <strong>Nachhaltigkeit<\/strong> und <strong>Energieeffizienz<\/strong> sind in gesch\u00e4ftlichen Bereichen im Gastst\u00e4ttengewerbe immer h\u00e4ufiger anzutreffen. <br>Umweltschutz ist eine erfolgreiche Strategie f\u00fcr <strong>nachhaltiges Wachstum<\/strong>.<\/p>\n\n\n\n<p class=\"text-justify mt-5\">Um auf dem Markt wettbewerbsf\u00e4hig zu bleiben und weiter zu wachsen, m\u00fcssen sich Unternehmen der Herausforderung der Nachhaltigkeit stellen.<br>Nur wer sich dem st\u00e4ndigen Wandel anpasst, kann die Erwartungen seiner Kunden antizipieren und sich als f\u00fchrend in seiner Branche etablieren.<\/p>\n\n\n\n<p class=\"text-justify mt-5\">In den letzten Jahren haben die Investitionen in Projekte, die Wert auf Effizienz und Umweltschutz legen, exponentiell zugenommen. Es gibt viele Ma\u00dfnahmen, die Unternehmen zum Schutz der Umwelt ergreifen k\u00f6nnen:<\/p>\n\n\n\n<ul class=\"wp-block-list\"><li><em>zum Beispiel in <strong>innovative Energieeffizienzprojekte<\/strong> zu investieren;<\/em><\/li><li><em><strong>erneuerbare Quellen<\/strong> zu nutzen und Produkte mit <strong>geringer Umweltbelastung<\/strong> zu entwerfen;<\/em><\/li><li><em><strong>intelligente K\u00fcchensysteme<\/strong> und <strong>Photovoltaiksysteme<\/strong> zu installieren;<\/em><\/li><li><em>hocheffiziente Motoren und <strong>Inverter-K\u00fchlsysteme der neuen Generation<\/strong> zu verwenden.<\/em><\/li><\/ul>\n\n\n\n<p class=\"text-justify mt-5\">HORO setzt ein nachhaltiges Gesch\u00e4ftsmodell um, das die Bed\u00fcrfnisse der Investoren ber\u00fccksichtigt, ohne die Interessen zuk\u00fcnftiger Generationen zu gef\u00e4hrden.<\/p>\n\n\n\n<p class=\"text-justify mt-5\">Um eine nachhaltige Produktion zu unterst\u00fctzen, <strong>gibt es viele F\u00f6rderprogramme<\/strong>, die Unternehmen beantragen k\u00f6nnen. Diese Form der Finanzierung zielt darauf ab, ethisches Verhalten zu erleichtern, eine gute Chance, mit der Sie erhebliche Einsparungen bei den Kosten f\u00fcr Installation, Montage und Wartung von Anlagen erzielen k\u00f6nnen.<\/p>\n\n\n\n<p class=\"text-justify mt-5\">HORO steht an der Seite von Unternehmen, die sich der Herausforderung der Nachhaltigkeit stellen, und setzt sein Know-how ein, um innovative L\u00f6sungen zu finden, die den Bed\u00fcrfnissen der Kunden entsprechen.<\/p>\n<\/div>\n\n\n\n<div class=\"wp-block-column is-layout-flow wp-block-column-is-layout-flow\"><\/div>\n<\/div>\n<\/div><\/div>\n<\/div><\/div>\n","protected":false},"excerpt":{"rendered":"<p>NACHHALTIGKEIT Konzepte wie Nachhaltigkeit und Energieeffizienz sind in gesch\u00e4ftlichen Bereichen im Gastst\u00e4ttengewerbe immer h\u00e4ufiger anzutreffen. Umweltschutz ist eine erfolgreiche Strategie f\u00fcr nachhaltiges Wachstum. Um auf dem Markt wettbewerbsf\u00e4hig zu bleiben und weiter zu wachsen, m\u00fcssen sich Unternehmen der Herausforderung der Nachhaltigkeit stellen.Nur wer sich dem st\u00e4ndigen Wandel anpasst, kann die Erwartungen seiner Kunden antizipieren und [&hellip;]<\/p>\n","protected":false},"author":1,"featured_media":0,"parent":0,"menu_order":0,"comment_status":"closed","ping_status":"closed","template":"","meta":{"_acf_changed":false,"footnotes":""},"class_list":["post-2455","page","type-page","status-publish","hentry"],"acf":[],"_links":{"self":[{"href":"https:\/\/horokitchens.com\/de\/wp-json\/wp\/v2\/pages\/2455","targetHints":{"allow":["GET"]}}],"collection":[{"href":"https:\/\/horokitchens.com\/de\/wp-json\/wp\/v2\/pages"}],"about":[{"href":"https:\/\/horokitchens.com\/de\/wp-json\/wp\/v2\/types\/page"}],"author":[{"embeddable":true,"href":"https:\/\/horokitchens.com\/de\/wp-json\/wp\/v2\/users\/1"}],"replies":[{"embeddable":true,"href":"https:\/\/horokitchens.com\/de\/wp-json\/wp\/v2\/comments?post=2455"}],"version-history":[{"count":2,"href":"https:\/\/horokitchens.com\/de\/wp-json\/wp\/v2\/pages\/2455\/revisions"}],"predecessor-version":[{"id":2458,"href":"https:\/\/horokitchens.com\/de\/wp-json\/wp\/v2\/pages\/2455\/revisions\/2458"}],"wp:attachment":[{"href":"https:\/\/horokitchens.com\/de\/wp-json\/wp\/v2\/media?parent=2455"}],"curies":[{"name":"wp","href":"https:\/\/api.w.org\/{rel}","templated":true}]}}