{"id":1210,"date":"2020-06-19T12:37:44","date_gmt":"2020-06-19T12:37:44","guid":{"rendered":"https:\/\/2020.horokitchens.com\/?page_id=1210"},"modified":"2020-06-23T07:02:29","modified_gmt":"2020-06-23T07:02:29","slug":"zuverlaessigkeit-design-garantie-und-wartung","status":"publish","type":"page","link":"https:\/\/horokitchens.com\/de\/zuverlaessigkeit-design-garantie-und-wartung\/","title":{"rendered":"Zuverl\u00e4ssigkeit, Design, Garantie und Wartung"},"content":{"rendered":"\n<div class=\"wp-block-group alignfull\"><div class=\"wp-block-group__inner-container is-layout-flow wp-block-group-is-layout-flow\">\n<div class=\"wp-block-group container my-5\"><div class=\"wp-block-group__inner-container is-layout-flow wp-block-group-is-layout-flow\">\n<h1 class=\"wp-block-heading\"><strong>Design und Wartung<\/strong><\/h1>\n<\/div><\/div>\n<\/div><\/div>\n\n\n\n<div class=\"wp-block-columns container is-layout-flex wp-container-core-columns-is-layout-9d6595d7 wp-block-columns-is-layout-flex\">\n<div class=\"wp-block-column is-layout-flow wp-block-column-is-layout-flow\" style=\"flex-basis:30%\">\n<div class=\"wp-block-image\"><figure class=\"aligncenter size-large is-resized\"><img decoding=\"async\" src=\"https:\/\/horokitchens.com\/wp-content\/uploads\/2020\/06\/affidabilita_horo_garanzia_3_anni.png\" alt=\"\" class=\"wp-image-814\" width=\"200\" srcset=\"https:\/\/horokitchens.com\/wp-content\/uploads\/2020\/06\/affidabilita_horo_garanzia_3_anni.png 400w, https:\/\/horokitchens.com\/wp-content\/uploads\/2020\/06\/affidabilita_horo_garanzia_3_anni-300x300.png 300w, https:\/\/horokitchens.com\/wp-content\/uploads\/2020\/06\/affidabilita_horo_garanzia_3_anni-150x150.png 150w\" sizes=\"(max-width: 400px) 100vw, 400px\" \/><\/figure><\/div>\n<\/div>\n\n\n\n<div class=\"wp-block-column is-layout-flow wp-block-column-is-layout-flow\" style=\"flex-basis:66.66%\">\n<p class=\"has-medium-font-size\">Horo bietet eine 3-Jahres-Garantie f\u00fcr Produkte der Gastronomie.<br><br>Unabh\u00e4ngige Ger\u00e4tepr\u00fcfungen.<br><br>Horo bietet weltweit Fernunterst\u00fctzung in Echtzeit, die auch n\u00fctzlich ist, um das ordnungsgem\u00e4\u00dfe Funktionieren und die Aktualisierungen der zentralen Software st\u00e4ndig zu \u00fcberpr\u00fcfen.<br><br>Das Bedienfeld des Kochfeldes ist 3 bis 5 mm dick, um eine Verformung und eine im Lauf der Zeit auftretende Abnutzung zu vermeiden.\u00a0<br><br>Elektronische Sensoren zum Schutz von Heizungsanlagen und zur Sicherheit des Personals.<br><br>Kochfeld und Bedienfeld als Monoblock (aus einem St\u00fcck), vollst\u00e4ndig luftdicht.<br><br>Die Brennelemente werden ohne sichtbare Silikone perfekt abgedichtet eingesetzt.<br><br>Solide und wasserdichte Bedienungskn\u00f6pfe f\u00fcr die verschiedenen Elemente.<br><br>Kein sichtbarer Grill an den Seiten der K\u00fcche.<br><br>Elektronische Komponenten in Komfortgr\u00f6\u00dfe zur Erh\u00f6hung der Zuverl\u00e4ssigkeit.<br><br>Lange Lebensdauer von elektrischen Komponenten und elektronischen Teilen dank.<br><br>Luftreinigungsfiltern und K\u00fchlungsprozess.<br><br>Leichte Zug\u00e4nglichkeit.<br><br>Leicht zu reinigen.<\/p>\n<\/div>\n<\/div>\n\n\n\n<div class=\"wp-block-columns alignwide container is-layout-flex wp-container-core-columns-is-layout-9d6595d7 wp-block-columns-is-layout-flex\">\n<div class=\"wp-block-column is-layout-flow wp-block-column-is-layout-flow\" style=\"flex-basis:30%\"><\/div>\n\n\n\n<div class=\"wp-block-column is-layout-flow wp-block-column-is-layout-flow\" style=\"flex-basis:66.66%\">\n<p class=\"has-medium-font-size\">&#8222;Design ist ein komisches Wort. Einige Leute denken,<br>Design bedeutet, wie ein Gegenstand aussieht.<br>Aber wenn man tiefer gr\u00e4bt, dann bedeutet das nat\u00fcrlich, wie die Sache funktioniert.&#8220;<br><em>Steve Jobs<\/em><\/p>\n<\/div>\n<\/div>\n\n\n\n<p><\/p>\n","protected":false},"excerpt":{"rendered":"<p>Design und Wartung Horo bietet eine 3-Jahres-Garantie f\u00fcr Produkte der Gastronomie. Unabh\u00e4ngige Ger\u00e4tepr\u00fcfungen. Horo bietet weltweit Fernunterst\u00fctzung in Echtzeit, die auch n\u00fctzlich ist, um das ordnungsgem\u00e4\u00dfe Funktionieren und die Aktualisierungen der zentralen Software st\u00e4ndig zu \u00fcberpr\u00fcfen. Das Bedienfeld des Kochfeldes ist 3 bis 5 mm dick, um eine Verformung und eine im Lauf der Zeit [&hellip;]<\/p>\n","protected":false},"author":1,"featured_media":0,"parent":0,"menu_order":0,"comment_status":"closed","ping_status":"closed","template":"","meta":{"_acf_changed":false,"footnotes":""},"class_list":["post-1210","page","type-page","status-publish","hentry"],"acf":[],"_links":{"self":[{"href":"https:\/\/horokitchens.com\/de\/wp-json\/wp\/v2\/pages\/1210","targetHints":{"allow":["GET"]}}],"collection":[{"href":"https:\/\/horokitchens.com\/de\/wp-json\/wp\/v2\/pages"}],"about":[{"href":"https:\/\/horokitchens.com\/de\/wp-json\/wp\/v2\/types\/page"}],"author":[{"embeddable":true,"href":"https:\/\/horokitchens.com\/de\/wp-json\/wp\/v2\/users\/1"}],"replies":[{"embeddable":true,"href":"https:\/\/horokitchens.com\/de\/wp-json\/wp\/v2\/comments?post=1210"}],"version-history":[{"count":2,"href":"https:\/\/horokitchens.com\/de\/wp-json\/wp\/v2\/pages\/1210\/revisions"}],"predecessor-version":[{"id":1295,"href":"https:\/\/horokitchens.com\/de\/wp-json\/wp\/v2\/pages\/1210\/revisions\/1295"}],"wp:attachment":[{"href":"https:\/\/horokitchens.com\/de\/wp-json\/wp\/v2\/media?parent=1210"}],"curies":[{"name":"wp","href":"https:\/\/api.w.org\/{rel}","templated":true}]}}