{"id":1202,"date":"2020-06-19T12:27:49","date_gmt":"2020-06-19T12:27:49","guid":{"rendered":"https:\/\/2020.horokitchens.com\/?page_id=1202"},"modified":"2020-12-15T08:35:18","modified_gmt":"2020-12-15T08:35:18","slug":"benchmark-del","status":"publish","type":"page","link":"https:\/\/horokitchens.com\/de\/benchmark-del\/","title":{"rendered":"Benchmark del"},"content":{"rendered":"\n<div class=\"wp-block-group alignfull\"><div class=\"wp-block-group__inner-container is-layout-flow wp-block-group-is-layout-flow\">\n<div class=\"wp-block-group container my-5\"><div class=\"wp-block-group__inner-container is-layout-flow wp-block-group-is-layout-flow\">\n<h1 class=\"wp-block-heading\"><strong>Benchmark<\/strong><\/h1>\n<\/div><\/div>\n<\/div><\/div>\n\n\n\n<div class=\"wp-block-columns alignwide container is-layout-flex wp-container-core-columns-is-layout-9d6595d7 wp-block-columns-is-layout-flex\">\n<div class=\"wp-block-column is-layout-flow wp-block-column-is-layout-flow\" style=\"flex-basis:35%\">\n<h3 class=\"wp-block-heading\"><strong>Vorwort<\/strong><\/h3>\n<\/div>\n\n\n\n<div class=\"wp-block-column is-layout-flow wp-block-column-is-layout-flow\" style=\"flex-basis:65%\">\n<p class=\"has-medium-font-size\">Es gibt mehrere Ursachen, die dazu f\u00fchren, dass ein Arbeitnehmer aufgrund einer Verletzung oder Krankheit abwesend ist. Folgende Faktoren spielen eine wichtige Rolle:<br><br><strong>1. Technische und die Infrastruktur betreffende M\u00e4ngel<\/strong><br>(Schwachstellen, nicht den gesetzlichen Normen entsprechende Maschinen und Ger\u00e4te, enge R\u00e4ume, Verschlei\u00df, Konstruktionsfehler usw.)<br><br><strong>2. Organisatorische M\u00e4ngel<\/strong><br>(\u00dcberlastung, Zeitmangel, Eile, ungesundes Arbeitsklima, unklare Arbeitsverfahren, fehlende Aus- und Weiterbildung usw.)<br><br><strong>3. Menschlicher Faktor<\/strong><br>(Unaufmerksamkeit, Missverst\u00e4ndnisse mit fremdsprachigem Personal, Leichtsinn, Eile, \u00dcberm\u00fcdung, mangelhafte berufliche Ausbildung)<br><br><strong>4. Arbeitsunf\u00e4lle<\/strong><br>Statistiken \u00fcber Arbeitsunf\u00e4lle zeigen, dass auch in der Gastronomie viele Gefahren lauern. Die&nbsp; Folgen f\u00fcr die Unternehmen k\u00f6nnen gravierend sein:<br>Krankenhausaufenthalt, Rehabilitation), \u00dcberstunden anderer Mitarbeiter, Beseitigung von Sachsch\u00e4den, Ver\u00e4nderungen in der Arbeitsorganisation, Leistungseinbu\u00dfen, h\u00e4ufigere ineffiziente Nutzung von Ressourcen, ungesunde Arbeitsumgebung, m\u00f6glicher Verlust von Kunden und Umsatzverlust, Imageverlust, negative Auswirkungen auf das soziale und famili\u00e4re Umfeld.<\/p>\n\n\n\n<p class=\"has-medium-font-size\">HOROS Ziel ist es, all diese Unannehmlichkeiten zu verringern:<\/p>\n\n\n\n<p class=\"has-medium-font-size\">Dank der Senkung der Temperaturen in der K\u00fcche um 15\/20 Grad arbeiten die Menschen besser und sicherer.<\/p>\n\n\n\n<p class=\"has-medium-font-size\">Die Reduzierung des Luftaustauschs bedeutet auch eine viel ges\u00fcndere und komfortablere Umgebung und folglich weniger Abwesenheiten<\/p>\n\n\n\n<p class=\"has-medium-font-size\">Die Reduzierung der mit fl\u00fcchtigen Fetten vermischten Warmlufts\u00e4ulen bedeutet, dass fettighaltige D\u00e4mpfe nicht eingeatmet werden und K\u00fcchenger\u00fcche nicht anhaften.<\/p>\n\n\n\n<p class=\"has-medium-font-size\">Keine offenen Flammen mehr und keine unverbrannten Gase, die Sauerstoff verbrennen.<\/p>\n\n\n\n<p class=\"has-medium-font-size\">Ein angenehmes Umfeld f\u00fchrt zu mehr Leistung und Zufriedenheit der Mitarbeiter.<\/p>\n\n\n\n<p><\/p>\n<\/div>\n<\/div>\n\n\n\n<div class=\"wp-block-columns alignwide container is-layout-flex wp-container-core-columns-is-layout-9d6595d7 wp-block-columns-is-layout-flex\">\n<div class=\"wp-block-column is-layout-flow wp-block-column-is-layout-flow\" style=\"flex-basis:35%\">\n<h3 class=\"wp-block-heading\"><strong>Sicherheit<\/strong><\/h3>\n<\/div>\n\n\n\n<div class=\"wp-block-column is-layout-flow wp-block-column-is-layout-flow\" style=\"flex-basis:65%\">\n<p class=\"has-medium-font-size\">Das geradlinige und minimalistische Design verleiht dem Arbeitsplatz nicht nur einen zeitgem\u00e4\u00dfen und einzigartigen \u00e4sthetischen Charakter, sondern macht die K\u00fcche auch sicherer, da die Bedienungskn\u00f6pfe und verschiedenen Komponenten nicht hervorstehen.<\/p>\n\n\n\n<figure class=\"wp-block-image size-large\"><img loading=\"lazy\" decoding=\"async\" width=\"1024\" height=\"576\" src=\"https:\/\/horokitchens.com\/wp-content\/uploads\/2020\/06\/Horo_MB_lineare-1024x576.jpg\" alt=\"\" class=\"wp-image-1283\" srcset=\"https:\/\/horokitchens.com\/wp-content\/uploads\/2020\/06\/Horo_MB_lineare-1024x576.jpg 1024w, https:\/\/horokitchens.com\/wp-content\/uploads\/2020\/06\/Horo_MB_lineare-300x169.jpg 300w, https:\/\/horokitchens.com\/wp-content\/uploads\/2020\/06\/Horo_MB_lineare-768x432.jpg 768w, https:\/\/horokitchens.com\/wp-content\/uploads\/2020\/06\/Horo_MB_lineare.jpg 1400w\" sizes=\"auto, (max-width: 1024px) 100vw, 1024px\" \/><\/figure>\n\n\n\n<p class=\"has-medium-font-size\">Maximale Ergonomie bei der Benutzung von Arbeitsmitteln mit intuitiver Einstellung am Scroll-Knopf oder Touchscreen f\u00fcr Nudelkocher, Fritteusen, Fry-Tops, Kohlenbecken, Bain-Marie, Geschirrw\u00e4rmer, Temperaturw\u00e4chter.<\/p>\n\n\n\n<p class=\"has-medium-font-size\">3 Jahre Garantie auf die Komponenten<\/p>\n\n\n\n<figure class=\"wp-block-image size-large is-resized\"><img decoding=\"async\" src=\"https:\/\/horokitchens.com\/wp-content\/uploads\/2020\/06\/affidabilita_horo_garanzia_3_anni.png\" alt=\"\" class=\"wp-image-814\" height=\"200\" srcset=\"https:\/\/horokitchens.com\/wp-content\/uploads\/2020\/06\/affidabilita_horo_garanzia_3_anni.png 400w, https:\/\/horokitchens.com\/wp-content\/uploads\/2020\/06\/affidabilita_horo_garanzia_3_anni-300x300.png 300w, https:\/\/horokitchens.com\/wp-content\/uploads\/2020\/06\/affidabilita_horo_garanzia_3_anni-150x150.png 150w\" sizes=\"(max-width: 400px) 100vw, 400px\" \/><\/figure>\n\n\n\n<p class=\"has-medium-font-size\">Stromversorgung: keine Explosionsgefahr und dadurch reduzierte Versicherungspr\u00e4mien.<br><br>Keine offenen Flammen mehr, sodass Verbrennungen verhindert werden.<br><br>Resttemperaturkontrollsensoren zur Vermeidung von Verbrennungen bei der Reinigung.<br><br>Vollst\u00e4ndige Abdichtung des Kochfeldes und des Armaturenbretts zur Vermeidung von Infiltration und Kurzschl\u00fcssen.<br><br>Der K\u00fcchenblock wird durch freiliegende technische L\u00fcftungs\u00f6ffnungen gereinigt, wodurch Hygiene, Sicherheit und \u00c4sthetik gew\u00e4hrleistet sind.<\/p>\n<\/div>\n<\/div>\n\n\n\n<div class=\"wp-block-columns alignwide container is-layout-flex wp-container-core-columns-is-layout-9d6595d7 wp-block-columns-is-layout-flex\">\n<div class=\"wp-block-column is-layout-flow wp-block-column-is-layout-flow\" style=\"flex-basis:35%\">\n<h3 class=\"wp-block-heading\"><strong>Reinigung und Zweckm\u00e4ssigkeit<\/strong><\/h3>\n<\/div>\n\n\n\n<div class=\"wp-block-column is-layout-flow wp-block-column-is-layout-flow\" style=\"flex-basis:65%\">\n<p class=\"has-medium-font-size\">Schnelle und sichere Reinigung.<\/p>\n\n\n\n<p class=\"has-medium-font-size\">Wassereinsparung.<\/p>\n\n\n\n<p class=\"has-medium-font-size\">Die Verwendung einer elektrisch betriebenen K\u00fcche verhindert die Verbreitung fl\u00fcchtiger Fette im Raum und garantiert eine gesunde und saubere Arbeitsumgebung.<\/p>\n\n\n\n<p class=\"has-medium-font-size\">Geringere Umweltverschmutzung durch geringeren Verbrauch von Reinigungsmitteln.<\/p>\n\n\n\n<p class=\"has-medium-font-size\">Keine verbrannten T\u00f6pfe mehr durch Induktion.<\/p>\n\n\n\n<p class=\"has-medium-font-size\">Versiegelte, abwaschbare Kochfl\u00e4che.<\/p>\n\n\n\n<p class=\"has-medium-font-size\">Neutrale F\u00e4cher mit hygienischen Strahlen<\/p>\n\n\n\n<figure class=\"wp-block-image size-large\"><img loading=\"lazy\" decoding=\"async\" width=\"700\" height=\"389\" src=\"https:\/\/horokitchens.com\/wp-content\/uploads\/2020\/06\/design_raggiature_igieniche.jpg\" alt=\"\" class=\"wp-image-804\" srcset=\"https:\/\/horokitchens.com\/wp-content\/uploads\/2020\/06\/design_raggiature_igieniche.jpg 700w, https:\/\/horokitchens.com\/wp-content\/uploads\/2020\/06\/design_raggiature_igieniche-300x167.jpg 300w\" sizes=\"auto, (max-width: 700px) 100vw, 700px\" \/><\/figure>\n\n\n\n<p class=\"has-medium-font-size\">Nudelkocher und Fritteusen mit gr\u00f6\u00dferen Reinigungsfl\u00e4chen.<\/p>\n\n\n\n<p class=\"has-medium-font-size\">Kratzfeste Oberfl\u00e4chen.<\/p>\n\n\n\n<p class=\"has-medium-font-size\">Fry-Top-Abfluss direkt in das Abwasser integriert.<\/p>\n\n\n\n<p class=\"has-medium-font-size\">Flache und vollkommen luftdichte, b\u00fcndig eingelassene Scrollkn\u00f6pfe.<\/p>\n\n\n\n<p class=\"has-medium-font-size\">Ergonomischer und wasserdichter <strong>Touchscreen<\/strong> mit der M\u00f6glichkeit der Steuerung in jeder Position.<\/p>\n\n\n\n<figure class=\"wp-block-image size-large is-resized\"><img decoding=\"async\" src=\"https:\/\/horokitchens.com\/wp-content\/uploads\/2020\/06\/horo-touch-control-865x1024.jpg\" alt=\"\" class=\"wp-image-220\" height=\"300\" srcset=\"https:\/\/horokitchens.com\/wp-content\/uploads\/2020\/06\/horo-touch-control-865x1024.jpg 865w, https:\/\/horokitchens.com\/wp-content\/uploads\/2020\/06\/horo-touch-control-254x300.jpg 254w, https:\/\/horokitchens.com\/wp-content\/uploads\/2020\/06\/horo-touch-control-768x909.jpg 768w, https:\/\/horokitchens.com\/wp-content\/uploads\/2020\/06\/horo-touch-control.jpg 1200w\" sizes=\"(max-width: 865px) 100vw, 865px\" \/><\/figure>\n\n\n\n<p class=\"has-medium-font-size\"><strong>Anti-Tropfkante<\/strong>, um das Eindringen von Wasser in die K\u00fcche zu verhindern.<\/p>\n\n\n\n<figure class=\"wp-block-image size-large\"><img loading=\"lazy\" decoding=\"async\" width=\"1024\" height=\"554\" src=\"https:\/\/horokitchens.com\/wp-content\/uploads\/2020\/06\/mb_1200_pulizia-1024x554.jpg\" alt=\"\" class=\"wp-image-1288\" srcset=\"https:\/\/horokitchens.com\/wp-content\/uploads\/2020\/06\/mb_1200_pulizia-1024x554.jpg 1024w, https:\/\/horokitchens.com\/wp-content\/uploads\/2020\/06\/mb_1200_pulizia-300x162.jpg 300w, https:\/\/horokitchens.com\/wp-content\/uploads\/2020\/06\/mb_1200_pulizia-768x415.jpg 768w, https:\/\/horokitchens.com\/wp-content\/uploads\/2020\/06\/mb_1200_pulizia.jpg 1400w\" sizes=\"auto, (max-width: 1024px) 100vw, 1024px\" \/><\/figure>\n\n\n\n<p class=\"has-medium-font-size\">Ablaufrinne zur besseren Reinigung der K\u00fcche.<\/p>\n\n\n\n<figure class=\"wp-block-image size-large is-resized\"><img decoding=\"async\" src=\"https:\/\/horokitchens.com\/wp-content\/uploads\/2020\/06\/canalina-di-scolo.jpg\" alt=\"\" class=\"wp-image-1291\" height=\"300\" srcset=\"https:\/\/horokitchens.com\/wp-content\/uploads\/2020\/06\/canalina-di-scolo.jpg 450w, https:\/\/horokitchens.com\/wp-content\/uploads\/2020\/06\/canalina-di-scolo-169x300.jpg 169w\" sizes=\"(max-width: 450px) 100vw, 450px\" \/><\/figure>\n\n\n\n<p class=\"has-medium-font-size\">Flache Sp\u00fclbeckenabdeckungen ohne \u00dcberstand.<\/p>\n<\/div>\n<\/div>\n\n\n\n<div class=\"wp-block-columns container is-layout-flex wp-container-core-columns-is-layout-9d6595d7 wp-block-columns-is-layout-flex\">\n<div class=\"wp-block-column is-layout-flow wp-block-column-is-layout-flow\" style=\"flex-basis:30%\">\n<h3 class=\"wp-block-heading\"><strong>Design und Wartung<\/strong><\/h3>\n<\/div>\n\n\n\n<div class=\"wp-block-column is-layout-flow wp-block-column-is-layout-flow\" style=\"flex-basis:66.66%\">\n<p class=\"has-medium-font-size\">Horo bietet eine 3-Jahres-Garantie f\u00fcr Produkte der Gastronomie.<br><br>Unabh\u00e4ngige Ger\u00e4tepr\u00fcfungen.<br><br>Horo bietet weltweit Fernunterst\u00fctzung in Echtzeit, die auch n\u00fctzlich ist, um das ordnungsgem\u00e4\u00dfe Funktionieren und die Aktualisierungen der zentralen Software st\u00e4ndig zu \u00fcberpr\u00fcfen.<br><br>Das Bedienfeld des Kochfeldes ist 3 bis 5 mm dick, um eine Verformung und eine im Lauf der Zeit auftretende Abnutzung zu vermeiden.&nbsp;<br><br>Elektronische Sensoren zum Schutz von Heizungsanlagen und zur Sicherheit des Personals.<br><br>Kochfeld und Bedienfeld als Monoblock (aus einem St\u00fcck), vollst\u00e4ndig luftdicht.<br><br>Die Brennelemente werden ohne sichtbare Silikone perfekt abgedichtet eingesetzt.<br><br>Solide und wasserdichte Bedienungskn\u00f6pfe f\u00fcr die verschiedenen Elemente.<br><br>Kein sichtbarer Grill an den Seiten der K\u00fcche.<br><br>Elektronische Komponenten in Komfortgr\u00f6\u00dfe zur Erh\u00f6hung der Zuverl\u00e4ssigkeit.<br><br>Lange Lebensdauer von elektrischen Komponenten und elektronischen Teilen dank.<br><br>Luftreinigungsfiltern und K\u00fchlungsprozess.<br><br>Leichte Zug\u00e4nglichkeit.<br><br>Leicht zu reinigen.<\/p>\n<\/div>\n<\/div>\n","protected":false},"excerpt":{"rendered":"<p>Benchmark Vorwort Es gibt mehrere Ursachen, die dazu f\u00fchren, dass ein Arbeitnehmer aufgrund einer Verletzung oder Krankheit abwesend ist. Folgende Faktoren spielen eine wichtige Rolle: 1. Technische und die Infrastruktur betreffende M\u00e4ngel(Schwachstellen, nicht den gesetzlichen Normen entsprechende Maschinen und Ger\u00e4te, enge R\u00e4ume, Verschlei\u00df, Konstruktionsfehler usw.) 2. Organisatorische M\u00e4ngel(\u00dcberlastung, Zeitmangel, Eile, ungesundes Arbeitsklima, unklare Arbeitsverfahren, fehlende [&hellip;]<\/p>\n","protected":false},"author":1,"featured_media":0,"parent":0,"menu_order":0,"comment_status":"closed","ping_status":"closed","template":"","meta":{"_acf_changed":false,"footnotes":""},"class_list":["post-1202","page","type-page","status-publish","hentry"],"acf":[],"_links":{"self":[{"href":"https:\/\/horokitchens.com\/de\/wp-json\/wp\/v2\/pages\/1202","targetHints":{"allow":["GET"]}}],"collection":[{"href":"https:\/\/horokitchens.com\/de\/wp-json\/wp\/v2\/pages"}],"about":[{"href":"https:\/\/horokitchens.com\/de\/wp-json\/wp\/v2\/types\/page"}],"author":[{"embeddable":true,"href":"https:\/\/horokitchens.com\/de\/wp-json\/wp\/v2\/users\/1"}],"replies":[{"embeddable":true,"href":"https:\/\/horokitchens.com\/de\/wp-json\/wp\/v2\/comments?post=1202"}],"version-history":[{"count":5,"href":"https:\/\/horokitchens.com\/de\/wp-json\/wp\/v2\/pages\/1202\/revisions"}],"predecessor-version":[{"id":3480,"href":"https:\/\/horokitchens.com\/de\/wp-json\/wp\/v2\/pages\/1202\/revisions\/3480"}],"wp:attachment":[{"href":"https:\/\/horokitchens.com\/de\/wp-json\/wp\/v2\/media?parent=1202"}],"curies":[{"name":"wp","href":"https:\/\/api.w.org\/{rel}","templated":true}]}}